{"id":3214,"date":"2025-08-15T23:39:18","date_gmt":"2025-08-15T21:39:18","guid":{"rendered":"https:\/\/quild.net\/de\/?page_id=3214"},"modified":"2025-11-20T15:44:48","modified_gmt":"2025-11-20T13:44:48","slug":"friedens-quild","status":"publish","type":"page","link":"https:\/\/quild.net\/de\/friedens-quild\/","title":{"rendered":"Friedens-Quild"},"content":{"rendered":"<h3><strong data-end=\"1472\" data-start=\"1420\">Frieden in 10 Minuten \u2013 Ein Geschenk an die Welt<\/strong><\/h3>\n<p data-end=\"1622\" data-start=\"1475\">Der <strong data-end=\"1494\" data-start=\"1479\">Peace Quild<\/strong> ist unser Geschenk an Dich \u2013 und an die Welt.Eine einfache, aber kraftvolle M\u00f6glichkeit, Frieden zu erleben und zu teilen.<\/p>\n<p data-end=\"1810\" data-start=\"1624\">\u00d6ffne einfach den Link, lass die <strong data-end=\"1675\" data-start=\"1657\">Friedens-Codes<\/strong> 10 Minuten lang wirken und sp\u00fcre, wie Ruhe, Verbindung und Freude in Dir wachsen. Keine Downloads. Keine Kosten. Nur reiner Frieden.<\/p>\n<h3 data-end=\"1852\" data-start=\"1812\"><strong data-end=\"1850\" data-start=\"1816\">Warum wir ihn erschaffen haben<\/strong><\/h3>\n<p data-end=\"2093\" data-start=\"1853\">Die Welt braucht mehr Frieden. Nicht morgen. Jetzt.Der Peace Quild entstand aus unserer Vision, Wellen des Friedens \u00fcber Menschen, Familien, Gemeinschaften und L\u00e4nder zu senden. Jedes Mal, wenn Du ihn nutzt, wirst Du Teil dieser Welle.<\/p>\n<h3 data-end=\"2136\" data-start=\"2095\"><strong data-end=\"2134\" data-start=\"2099\">Teile Frieden \u2013 Ver\u00e4ndere Leben<\/strong><\/h3>\n<p data-end=\"2331\" data-start=\"2137\">Frieden w\u00e4chst, wenn er geteilt wird. Nutze die Teilen-Links in der App, um Freunde, Familie und auch Fremde einzuladen. Jede Einladung ist ein Funke, der den Tag eines Menschen erhellen kann.<\/p>\n<h3 data-end=\"2358\" data-start=\"2333\"><strong data-end=\"2356\" data-start=\"2337\">Deine Belohnung<\/strong><\/h3>\n<p data-end=\"2584\" data-start=\"2359\">Die wahre Belohnung ist das Wissen, dass Du die Welt ein St\u00fcck besser gemacht hast.Und die Freude, Teil von etwas Gr\u00f6\u00dferem zu sein \u2013 einem globalen Kreis von Menschen, die Frieden statt Angst, G\u00fcte statt Konflikt w\u00e4hlen.<\/p>\n<p data-end=\"2678\" data-start=\"2586\"><strong data-end=\"2629\" data-start=\"2586\">Lasst uns gemeinsam Frieden verbreiten.<\/strong>Ein Klick. Zehn Minuten. Unendliche Wirkung.<\/p>\n<p data-end=\"93\" data-start=\"51\">\u2728 <strong data-end=\"91\" data-start=\"53\">Steig jetzt auf die Friedenswelle!<\/strong> \u2728<\/p>\n<p data-end=\"111\" data-start=\"95\"><strong data-end=\"111\" data-start=\"95\">Kurzer Text:<\/strong><\/p>\n<ul data-end=\"217\" data-is-last-node=\"\" data-is-only-node=\"\" data-start=\"112\">\n<li data-end=\"136\" data-start=\"112\">\n<p data-end=\"136\" data-start=\"114\" style=\"\">Nimm dir 10 Minuten.<\/p>\n<\/li>\n<p style=\"\">\n<li data-end=\"136\" data-start=\"112\">\n<p data-end=\"136\" data-start=\"114\" style=\"\">F\u00fchle Frieden.<\/p>\n<\/li>\n<li data-end=\"174\" data-start=\"156\">\n<p data-end=\"174\" data-start=\"158\" style=\"\">Teile Frieden.<\/p>\n<\/li>\n<li data-end=\"217\" data-is-last-node=\"\" data-start=\"175\">\n<p data-end=\"217\" data-is-last-node=\"\" data-start=\"177\" style=\"\">Ver\u00e4ndere die Welt<\/p>\n<\/li>\n<\/ul>\n","protected":false},"excerpt":{"rendered":"<p>Frieden in 10 Minuten \u2013 Ein Geschenk an die Welt Der Peace Quild ist unser Geschenk an Dich \u2013 und an die Welt.Eine einfache, aber kraftvolle M\u00f6glichkeit, Frieden zu erleben und zu teilen. \u00d6ffne einfach den Link, lass die Friedens-Codes 10 Minuten lang wirken und sp\u00fcre, wie Ruhe, Verbindung und Freude in Dir wachsen. Keine [&hellip;]<\/p>\n","protected":false},"author":2,"featured_media":0,"parent":0,"menu_order":0,"comment_status":"closed","ping_status":"closed","template":"","meta":{"_acf_changed":false,"footnotes":"","tve_updated_post":"<div class=\"thrv_wrapper thrv_contentbox_shortcode thrv-content-box tve-elem-default-pad\">\n\t<div class=\"tve-content-box-background\"><\/div>\n\t<div class=\"tve-cb\"><div class=\"thrv_wrapper thrv-columns\" style=\"--tcb-col-el-width: 1009;\"><div class=\"tcb-flex-row v-2 tcb--cols--2\"><div class=\"tcb-flex-col c-66\"><div class=\"tcb-col\"><div class=\"thrv_wrapper thrv_text_element\"><h3 class=\"\"><strong data-end=\"1472\" data-start=\"1420\">Frieden in 10 Minuten \u2013 Ein Geschenk an die Welt<\/strong><\/h3><p data-end=\"1622\" data-start=\"1475\">Der <strong data-end=\"1494\" data-start=\"1479\">Peace Quild<\/strong> ist unser Geschenk an Dich \u2013 und an die Welt.<br data-start=\"1540\" data-end=\"1543\">Eine einfache, aber kraftvolle M\u00f6glichkeit, Frieden zu erleben und zu teilen.<\/p><p data-end=\"1810\" data-start=\"1624\">\u00d6ffne einfach den Link, lass die <strong data-end=\"1675\" data-start=\"1657\">Friedens-Codes<\/strong> 10 Minuten lang wirken und sp\u00fcre, wie Ruhe, Verbindung und Freude in Dir wachsen. Keine Downloads. Keine Kosten. Nur reiner Frieden.<\/p><h3 data-end=\"1852\" data-start=\"1812\" class=\"\"><strong data-end=\"1850\" data-start=\"1816\">Warum wir ihn erschaffen haben<\/strong><\/h3><p data-end=\"2093\" data-start=\"1853\">Die Welt braucht mehr Frieden. Nicht morgen. Jetzt.<br data-start=\"1904\" data-end=\"1907\">Der Peace Quild entstand aus unserer Vision, Wellen des Friedens \u00fcber Menschen, Familien, Gemeinschaften und L\u00e4nder zu senden. Jedes Mal, wenn Du ihn nutzt, wirst Du Teil dieser Welle.<\/p><h3 data-end=\"2136\" data-start=\"2095\" class=\"\"><strong data-end=\"2134\" data-start=\"2099\">Teile Frieden \u2013 Ver\u00e4ndere Leben<\/strong><\/h3><p data-end=\"2331\" data-start=\"2137\">Frieden w\u00e4chst, wenn er geteilt wird. Nutze die Teilen-Links in der App, um Freunde, Familie und auch Fremde einzuladen. Jede Einladung ist ein Funke, der den Tag eines Menschen erhellen kann.<\/p><h3 data-end=\"2358\" data-start=\"2333\" class=\"\"><strong data-end=\"2356\" data-start=\"2337\">Deine Belohnung<\/strong><\/h3><p data-end=\"2584\" data-start=\"2359\">Die wahre Belohnung ist das Wissen, dass Du die Welt ein St\u00fcck besser gemacht hast.<br data-start=\"2442\" data-end=\"2445\">Und die Freude, Teil von etwas Gr\u00f6\u00dferem zu sein \u2013 einem globalen Kreis von Menschen, die Frieden statt Angst, G\u00fcte statt Konflikt w\u00e4hlen.<\/p><p data-end=\"2678\" data-start=\"2586\"><strong data-end=\"2629\" data-start=\"2586\">Lasst uns gemeinsam Frieden verbreiten.<\/strong><br data-start=\"2629\" data-end=\"2632\">Ein Klick. Zehn Minuten. Unendliche Wirkung.<\/p><\/div><\/div><\/div><div class=\"tcb-flex-col c-33\"><div class=\"tcb-col\"><div class=\"thrv_wrapper thrv_text_element\"><p data-end=\"93\" data-start=\"51\">\u2728 <strong data-end=\"91\" data-start=\"53\">Steig jetzt auf die Friedenswelle!<\/strong> \u2728<\/p><p data-end=\"111\" data-start=\"95\"><strong data-end=\"111\" data-start=\"95\">Kurzer Text:<\/strong><\/p><ul data-end=\"217\" data-is-last-node=\"\" data-is-only-node=\"\" data-start=\"112\"><li data-end=\"136\" data-start=\"112\"><p data-end=\"136\" data-start=\"114\" style=\"\" data-css=\"tve-u-19aa18218c7\">Nimm dir 10 Minuten.<\/p><\/li><p style=\"\" data-css=\"tve-u-19aa18218d9\"><\/p><li data-end=\"136\" data-start=\"112\"><p data-end=\"136\" data-start=\"114\" style=\"\" data-css=\"tve-u-19aa18218da\">F\u00fchle Frieden.<br><\/p><\/li><li data-end=\"174\" data-start=\"156\"><p data-end=\"174\" data-start=\"158\" style=\"\" data-css=\"tve-u-19aa18218db\">Teile Frieden.<\/p><\/li><li data-end=\"217\" data-is-last-node=\"\" data-start=\"175\"><p data-end=\"217\" data-is-last-node=\"\" data-start=\"177\" style=\"\" data-css=\"tve-u-19aa18218dc\">Ver\u00e4ndere die Welt<\/p><\/li><\/ul><\/div><div class=\"thrv_wrapper thrv-button thrv-button-v2 tcb-local-vars-root\" data-css=\"tve-u-198b31b9592\">\n\t<div class=\"thrive-colors-palette-config\" style=\"display: none !important\">__CONFIG_colors_palette__{\"active_palette\":0,\"config\":{\"colors\":{\"62516\":{\"name\":\"Main Accent\",\"parent\":-1}},\"gradients\":[]},\"palettes\":[{\"name\":\"Default Palette\",\"value\":{\"colors\":{\"62516\":{\"val\":\"var(--tcb-skin-color-0)\"}},\"gradients\":[]}}]}__CONFIG_colors_palette__<\/div>\n\t<a href=\"https:\/\/peace.quild.net\/home\" class=\"tcb-button-link tcb-plain-text\" target=\"_blank\">\n\t\t<span class=\"tcb-button-texts\"><span class=\"tcb-button-text thrv-inline-text\"><strong data-end=\"367\" data-start=\"341\">Erfahre jetzt Frieden!<\/strong><\/span><\/span>\n\t<\/a>\n<\/div><\/div><\/div><\/div><\/div><\/div>\n<\/div>","tve_custom_css":"@media (min-width: 300px){[data-css=\"tve-u-198b31b9592\"] .tcb-button-link { letter-spacing: 2px; background-color: transparent !important; background-image: linear-gradient(var(--tcb-local-color-62516,rgb(19,114,211)),var(--tcb-local-color-62516,rgb(19,114,211))); --tve-applied-background-image: linear-gradient(var$(--tcb-local-color-62516,rgb(19,114,211)),var$(--tcb-local-color-62516,rgb(19,114,211))); background-size: auto; background-attachment: scroll; border-radius: 5px; padding: 18px; background-position: 50% 50%; background-repeat: no-repeat; }[data-css=\"tve-u-198b31b9592\"] .tcb-button-link span { color: rgb(255, 255, 255); --tcb-applied-color: #fff; }[data-css=\"tve-u-198b31b9592\"] { --tcb-local-color-62516: var(--tcb-skin-color-0) !important; }:not(#tve) [data-css=\"tve-u-19aa18218c7\"] { line-height: 0em !important; }:not(#tve) [data-css=\"tve-u-19aa18218d9\"] { line-height: 0em !important; }:not(#tve) [data-css=\"tve-u-19aa18218da\"] { line-height: 0em !important; }:not(#tve) [data-css=\"tve-u-19aa18218db\"] { line-height: 0em !important; }:not(#tve) [data-css=\"tve-u-19aa18218dc\"] { line-height: 0em !important; }}","tve_user_custom_css":"","tve_globals":{"e":"1","font_cls":[]},"tcb2_ready":1,"tcb_editor_enabled":1,"tve_landing_page":"","_tve_header":"","_tve_footer":""},"class_list":["post-3214","page","type-page","status-publish","hentry","post-wrapper","thrv_wrapper"],"acf":[],"_links":{"self":[{"href":"https:\/\/quild.net\/de\/wp-json\/wp\/v2\/pages\/3214","targetHints":{"allow":["GET"]}}],"collection":[{"href":"https:\/\/quild.net\/de\/wp-json\/wp\/v2\/pages"}],"about":[{"href":"https:\/\/quild.net\/de\/wp-json\/wp\/v2\/types\/page"}],"author":[{"embeddable":true,"href":"https:\/\/quild.net\/de\/wp-json\/wp\/v2\/users\/2"}],"replies":[{"embeddable":true,"href":"https:\/\/quild.net\/de\/wp-json\/wp\/v2\/comments?post=3214"}],"version-history":[{"count":0,"href":"https:\/\/quild.net\/de\/wp-json\/wp\/v2\/pages\/3214\/revisions"}],"wp:attachment":[{"href":"https:\/\/quild.net\/de\/wp-json\/wp\/v2\/media?parent=3214"}],"curies":[{"name":"wp","href":"https:\/\/api.w.org\/{rel}","templated":true}]}}