{"id":2558,"date":"2021-10-18T17:20:41","date_gmt":"2021-10-18T15:20:41","guid":{"rendered":"https:\/\/quild.net\/de\/?page_id=2558"},"modified":"2021-10-18T18:51:20","modified_gmt":"2021-10-18T16:51:20","slug":"alle-testimonials","status":"publish","type":"page","link":"https:\/\/quild.net\/de\/alle-testimonials\/","title":{"rendered":"Alle Testimonials"},"content":{"rendered":"<h1><span style=\"font-weight: normal;\">Was unsere Kunden \u00fcber Quilds sagen!<\/span><\/h1>\n<h4>So gut wie keine Kopfschmerzen mehr!<\/h4>\n<p>vielen Dank f\u00fcr die Erfindung des Quilds. Ich bin positiv beeindruckt, ich habe so gut wie fast keine Kopfschmerzen mehr, in dieser starken Form und war seid ich den Quild geladen habe auch nicht mehr krank, ein kurzer Anflug von Erk\u00e4ltung der dann aber sofort wieder verschwindet nach sp\u00e4testens 3 Tagen.<\/p>\n<p><span>                        Andrea Banholzer                    <\/span><span>                                                    <\/span><\/p>\n<h4>Erfahrung mit Quild<\/h4>\n<p>Wir f\u00fchlen uns sehr sicher.<\/p>\n<p><span>                        Maya Weber                    <\/span><span>                                                    <\/span><\/p>\n<h4>Erfahrungen<\/h4>\n<p>Danke f\u00fcr die Nachfrage. Ich f\u00fchle mich gut, kann aber eigentlich keine wesentlichen Ver\u00e4nderungen an mir feststellen. Ich glaube aber daran, dass mich die Quilds sch\u00fctzen und habe sie immer bei mir.<\/p>\n<p><span>                        Margrit Albisser                    <\/span><span>                                                    <\/span><\/p>\n<h4>EMF Quild<\/h4>\n<p>Ich bekam den Tipp mal ein Quild auszuprobieren von einer Kollegin und da ich EM Wellen &#8222;sp\u00fcre&#8220; probierte ich es aus. Innerhalb ein paar Tage wurde meinen K\u00f6rper &#8222;ruhiger&#8220; &#8211; ich kann es nicht anders umschreiben, auch wenn es etwas undeutlich ist..Auch hat sich eine Art Ausschlag an den Unterschenkeln zu 80% verbessert. Das Pfeiffen in meinen Ohren ist leider noch genau gleich.. Kann man sie st\u00e4rker machen, damit sie die EMF noch mehr abblocken ? Ich habe eure Adresse schon weiterempfohlen:-))<\/p>\n<p><span>                        Inge Geel                    <\/span><span>                                                    <\/span><\/p>\n<h4>Erfahrung mit Quild<\/h4>\n<p>Seit ein paar Wochen war ich am Nachmittag jeweils m\u00fcde \/ abgeschlagen, auch hatte ich wieder vermehrt Kopfschmerzen. Seit dem 20.11. habe ich wieder mehr Energie und die Schmerzen im Bezug auf meine Endometriose sind weniger geworden, seit ich das Quild teste. Ja ich kann es definitiv empfehlen.<\/p>\n<p><span>                        Lina Deluz                    <\/span><span>                                                    <\/span><\/p>\n<h4>Unbeschreiblich<\/h4>\n<p>Wir schlafen Alle seit dem Quild viel besser. F\u00fchlen uns buchst\u00e4blich Wohl. Es ist Unbeschreiblich. Man kann es nicht beschreiben. \ud83d\ude42 Es ist gut wie es ist.<\/p>\n<p><span>                        C.R.                    <\/span><span>                                                    <\/span><\/p>\n<h4>Keinen heissen Kopf mehr, Danke<\/h4>\n<p>Quild-Feedback:  Vor dem Herunterladen des Quild-Schutzes hatte ich immer wieder einen heissen Kopf, was wahrscheinlich auf Elektrosmog zurueckzufuehren war.<\/p>\n<p>Seit dem Herunterladen habe ich keinen heissen Kopf mehr und ich schlafe auch viel besser. Zudem habe ich auch mehr Energie. Super! Danke.<\/p>\n<p><span>                        Susanne Katz                    <\/span><span>                                                    <\/span><\/p>\n<h4>Wir sind rundum zufrieden!<\/h4>\n<p><span lang=\"EN-US\">Hallo liebes QUILD.net Team, <\/span>wir haben bei allen Familienmitgliedern seit der Verwendung des Quild keine Erkrankung oder Infektion gehabt und sind rundum zufrieden. Bei mir stelle ich auch fest, dass ich besser schlafe.<\/p>\n<p><span>                        Ernst Kietaibl                    <\/span><span>                                                    <\/span><\/p>\n<h4>Mein erster Kontakt mit Immune Booster Quild<\/h4>\n<p>Herr Peter Baumann wurde mir durch Freunde empfohlen. Als er Immune Booster Quild eben neue herausgegeben hatte, wies er mich darauf hin. Eines Abends lud ich das Programm auf meinen Computer und am folgenden Morgen auf einen Stick.An diesem Morgen f\u00fchlte ich mich wegen der vor einigen Monaten diagnostizierten chronischen Erkrankung mutlos, m\u00fcde und verzweifelt. Ich steckte den Stick in meine Hosentasche. Was danach geschah konnte ich kaum fassen: In diesem Moment war es, wie wenn ich einen Lichtschalter gedr\u00fcckt h\u00e4tte! Was mich vorher bewegt und belastet hatte war verschwunden. Mein K\u00f6rper f\u00fchlte sich kr\u00e4ftig an, meine Sichtweise war klar und ich blickte zuversichtlich und voll Vertrauen auf den neuen Tag und in die Zukunft. Und diese Gef\u00fchle und Empfindungen dauerten an!<\/p>\n<p><span>                        Susanne K.                    <\/span><span>                                                    <\/span><\/p>\n<h4>Eine tolle Sache<\/h4>\n<p>Unbeschreiblich tiefer Schlaf , sehr schnelle Erholung nach Covid weitere Angeh\u00f6rige wurden nicht Angesteckt. F\u00fcr uns stimmt es im Moment. Ja sehr mache es bereits aktiv ;)))<\/p>\n<p><span>                        Claudia                    <\/span><span>                                                    <\/span><\/p>\n<h4>Eine gro\u00dfartige Alternative zur konventionellen Medizin<\/h4>\n<p>Seit vielen Jahren bin ich gegen viele Arten konventioneller Medikamente allergisch. Es ist be\u00e4ngstigend, wenn man wei\u00df, dass man keine normalen Medikamente einnehmen kann. Jemand hat mich an Herrn Baumann verwiesen. Seine speziellen Behandlungen halfen mir, meinen K\u00f6rper zu st\u00e4rken. Ich werde selten krank, und wenn doch, wie ein Wunder, erhole ich mich sehr schnell. Ich kann nicht sagen, was es ist, aber die Quilds sind das einzige, was ich benutze. Vielen Dank, Herr Baumann.<\/p>\n<p><span>                        Hanny Rubli                    <\/span><span>                                                    <\/span><\/p>\n<h4>Ich bin wieder OK \ud83d\ude42 Ich danke Ihnen.<\/h4>\n<p>Ich wusste nicht einmal, dass ich auf Elektrosmog empfindlich reagiere. Aber ich f\u00fchlte mich immer m\u00fcde und hatte M\u00fche, mich auf meine Arbeit zu konzentrieren. Dann bekam ich diesen Quild und speicherte es auf meinem Telefon. Nach ein paar Tagen \u00e4nderte sich alles. Seitdem f\u00fchle ich mich gro\u00dfartig und verlasse das Haus nicht mehr ohne meine Quild. Vielen Dank an das Quilt-Team.<\/p>\n<p><span>                        Ingrid Blattmann                    <\/span><span>                                                    <\/span><\/p>\n<h4>Corona f\u00fcr mich gel\u00f6st<\/h4>\n<p>Ich folge Peter Baumann seit einiger Zeit. Er ist meine erste Adresse, wenn ein Problem auftaucht. Als die Grippesymptome auftraten, war ich nicht sicher, ob es sich um eine Corona Infektion handeln k\u00f6nnte. Er gab mir dieses neue Quild und ich erholte mich innerhalb von 2 Tagen. Ich kann Quilds nur empfehlen. Nochmals vielen Dank.<\/p>\n<p><span>                        Peter Neff                    <\/span><span>                                                    <\/span><\/p>\n<h4>Sauber, schnell, effektiv<\/h4>\n<p>Ich begann einen trockenen Husten zu entwickeln. Ich begann sofort mit dem von Peter empfohlenen Quild und war am n\u00e4chsten Tag wieder in Ordnung. Vielleicht ist diese Corona-Sache gar nicht so be\u00e4ngstigend.<\/p>\n<p><span>                        Hildegard Ritter                    <\/span><span>                                                    <\/span><\/p>\n<h4>Gro\u00dfartig, hat mir schnell geholfen<\/h4>\n<p>Manchmal kann das Leben so einfach sein! Ich w\u00fcnschte, ich h\u00e4tte das fr\u00fcher kennengelernt. Schnelle Fortschritte, die Schmerzen sind weg, und ich f\u00fchle mich wieder gest\u00e4rkt. Herzlichen Gl\u00fcckwunsch. Werde ich gerne weiter empfehlen&#8230;<\/p>\n<p><span>                        Ricky Stanley                    <\/span><span>                                                    <\/span><\/p>\n<h4>Herpes HSV-1, HSV-2<\/h4>\n<p>Ich f\u00fchle mich besser! Auch allgemein vitaler und energiegeladener<\/p>\n<p><span>                        Christine Jaroszewski                    <\/span><span>                                                    <\/span><\/p>\n<h4>Herpes Simplex Virus Typ 1<\/h4>\n<p><span>Ich hatte wieder ein kribbeln an den Lippen. Dank der Behandlung ist dies nach einem Tag verschwunden. Es ist wie Magie. Danke<\/span><\/p>\n<p><span>                        Urs Storni                    <\/span><span>                                                    <\/span><\/p>\n<h4>Die Schmerzen sind weg, wow, danke!<\/h4>\n<p>Ich verwende Ihre Epstein-Barr-Behandlung jetzt seit 4 Tagen, und es ist unglaublich, wie die Schmerzen nach nur zwei Tagen nachlassen. Jetzt bin ich gespannt, wie sich der Schmerz weiter entwickeln wird. Im Moment bin ich begeistert und dankbar f\u00fcr die rasche Besserung. Ich danke Ihnen.<\/p>\n<p><span>                        Gerda Leuthard                    <\/span><span>                                                    <\/span><\/p>\n<h4>Windpocken gel\u00f6st!<\/h4>\n<p>Baby (1, neurodermatitis child)) and father (35) got massive chickenpox and suffered a lot from pain, itching and fever, everything got worse and worse in a short time. After starting the treatment, sensational, immediate and clear improvement of all complaints. The leaves dried quickly. No comparison to any other treatment. Ingenious!<\/p>\n<p><span>                        Alina De Zoysa                    <\/span><span>                                                    <\/span><\/p>\n<h4>Ich h\u00e4tte es fr\u00fcher wissen m\u00fcssen!<\/h4>\n<p>Nach wochenlangem Leiden wurde mir ein Quild geschenkt. Die Verbesserung nach nur 4 Tagen ist unglaublich. Die Schmerzen lie\u00dfen bereits nach 2 Tagen nach, und dann begannen die Blasen zu heilen. Ich kann die Behandlung nur empfehlen.<\/p>\n<p><span>                        Maria Kuster                    <\/span><span>                                                    <\/span><\/p>\n<h4>Malaria ist nicht mehr be\u00e4ngstigend!<\/h4>\n<p>Ein guter Freund erz\u00e4hlte mir von diesem Malaria-Quild. Da ich ihn gut kenne, vertraute ich ihm und versuchte es einfach. Es ist beeindruckend, wie schnell es funktioniert oder dass es sogar \u00fcberhaupt funktioniert. Wie auch immer, ich werde es wieder verwenden. Es ist erschwinglich und funktioniert hervorragend.<\/p>\n<p><span>                        Kelly Dimory                    <\/span><span>                                                    <\/span><\/p>\n<h4>Ich habe meine Angst verloren, Afrika wieder zu besuchen!<\/h4>\n<p>Bei meinem ersten Besuch in S\u00fcdafrika setzte ich Malaria Prophylaxe ein. Ich hatte die schlimmsten Nebenwirkungen, ich w\u00e4re fast verr\u00fcckt geworden. Ich litt drei Jahre lang. Selbst wenn ich die Reise in die Wildnis wirklich liebte, wusste ich, dass ich nie wieder dorthin zur\u00fcckkehren kann. Bis mir ein Freund von Quilds erz\u00e4hlte. Ich lernte, dass ich auch ohne Malaria Medikamente dorthin reisen. Dieses Jahr bin ich nach Uganda gereist, und es war wundersch\u00f6n. Vielen Dank an das Team von Quild.<\/p>\n<p><span>                        Hannes Eugster                    <\/span><span>                                                    <\/span><\/p>\n<h4>Besser als jedes herk\u00f6mmliche Malaria Medikament<\/h4>\n<p>Bei meinem ersten Kenia-Besuch wandte ich Malaria Prophylaxe an, wie vom Tropenarzt empfohlen. 20 Tage sp\u00e4ter wurde bei mir von einem einheimischen Arzt Malaria diagnostiziert. Ich musste drei Spritzen nehmen, drei Tage lang. Seitdem ich Quild kenne, meide ich normale Malariamittel und aktiviere sofort einen Quild, wenn ich die Anzeichen von Malaria sp\u00fcre. Das funktioniert bei mir perfekt.<\/p>\n<p><span>                        Andreas Koller                    <\/span><span>                                                    <\/span><\/p>\n<h4>Ich kann nicht glauben, wie schnell das funktioniert!<\/h4>\n<p>Ich bin Pumpen Ingenieur und immer in der N\u00e4he von Wasserteichen. Ich bekomme immer Malaria und benutze normalerweise billige Medikamente. Andreas hat mir dieses Ding namens Quild empfohlen. Da ich ihn gut kenne, beschloss ich, es auszuprobieren! Nach 3-4 Stunden waren die Malaria-Symptome verschwunden. Aber was wirklich unglaublich war, am n\u00e4chsten Morgen f\u00fchlte ich mich stark wie ein kleiner Junge. Ich weiss nicht, wie es funktioniert, aber ich liebe es.<\/p>\n<p><span>                        Martin Akolo                    <\/span><span>                                                    <\/span><\/p>\n<h4>Wow, diese EMF-Quilds wirken Wunder<\/h4>\n<p>Ich bin vor einiger Zeit in eine neue Wohnung gezogen. Nach einer Weile hatte ich Probleme mit dem Schlaf und f\u00fchlte mich immer m\u00fcde. Manchmal f\u00fchlte ich sogar das Brennen einiger Stellen an meinem K\u00f6rper. Nach R\u00fccksprache mit Herrn Baumann wurde mir gesagt, dass ich auf Strahlung in der Umgebung reagiere. Er schlug mir vor, dieses EMF-Quild auszuprobieren, das ich auf meinem USB-Stick habe. Nach nur wenigen Tagen war ich wieder ok. Vitalisierter, gest\u00e4rkter, erholsamer Schlaf, es ist wunderbar. Tolle Technik!<\/p>\n<p><span>                        Andreas Kunz                    <\/span><span>                                                    <\/span><\/p>\n<h4>Tolle Verbesserung nach 4 Tagen<\/h4>\n<p>Zun\u00e4chst einmal lie\u00dfen meine Schmerzen nach nur 3 Tagen stark nach. Ich danke Ihnen. Die Ausschl\u00e4ge gingen langsam zur\u00fcck, und ich f\u00fchlte mich allgemein st\u00e4rker. Das ist ein Wunder f\u00fcr mich. Ich danke Ihnen.<\/p>\n<p><span>                        Claudia Meister                    <\/span><span>                                                    <\/span><\/p>\n<h4>Wie kann das so schnell funktionieren?<\/h4>\n<p>Normalerweise glaube ich nicht an solche Dinge. Aber vielleicht habe ich zu viel gelitten, um es einfach zu versuchen, empfohlen von Peter Baumann. Mein Status verbesserte sich nach etwa 3 bis 4 Tagen deutlich. Die Ausschl\u00e4ge nahmen ab und ich f\u00fchlte mich wieder energischer. In Zukunft werde ich auf jeden Fall wieder Quilds verwenden. Ich danke Ihnen f\u00fcr Ihre Hilfe!<\/p>\n<p><span>                        Margareth Wuetrich                    <\/span><span>                                                    <\/span><\/p>\n<h4>Jeder sollte eine Immun-Verst\u00e4rker Quild haben<\/h4>\n<p>Vor zwei Jahren wurde bei mir Genital Herpes diagnostiziert. Das war schockierend! Durch Zufall fand ich die Herpes-No Website von Peter Baumann. Wahrscheinlich war mein Lebensstil mit zu viel Stress, wenig Schlaf, &#8230; der Grund, dass ich mich infiziert habe. Mein K\u00f6rper war einfach nicht stark genug. Herpes-No heilte meinen Herpes und ich wurde zu fr\u00fchen Tests der Immunit\u00e4ts-Booster-Quild eingeladen. Seitdem habe ich nur noch selten eine Grippe oder \u00e4hnliches bekommen. Ich liebe es. Versuchen Sie es und beziehen Sie Ihre Familie mit ein!<\/p>\n<p><span>                        Friedhelm Wachtel                    <\/span><span>                                                    <\/span><\/p>\n<h4>Meine Brustschmerzen gingen \u00fcber Nacht<\/h4>\n<p>Ich glaube, meine Schwester hat etwas in unser Haus gebracht. Ich entwickelte Brustschmerzen wie sie. Mein Mann empfahl mir den Quild, und er funktionierte hervorragend. Am n\u00e4chsten Morgen haben die Schmerzen massiv nachgelassen. Am n\u00e4chsten Tag war ich wieder ok. Es wurden keine anderen Medikamente verwendet. Es funktionierte so gut. Danke, auch meiner Schwester geht es wieder gut.<\/p>\n<p><span>                        Jane Ashiono                    <\/span><span>                                                    <\/span><\/p>\n<h4>Vielen Dank, hat toll funktioniert.<\/h4>\n<p>Ich habe den hartn\u00e4ckigsten Lippen Herpes, seit ich mich erinnern kann, und er hat mein Selbstwertgef\u00fchl schwer besch\u00e4digt, und mein Selbstvertrauen war aufgrund der permanenten Blasen auf meinen Lippen auf einem historischen Tiefstand. Als ich vor einem Monat \u00fcber Ihre Website gestolpert bin, habe ich noch gez\u00f6gert, es zu versuchen, aber ich bin so froh, dass ich es getan habe! Kaum zwei Tage sp\u00e4ter ging es mir besser und ich musste noch nicht einmal f\u00fcr etwas bezahlen! Ich werde euch ewig dankbar sein! Vielen Dank!<\/p>\n<p><span>                        Gavin O&#8217;hara                    <\/span><span>                                                    <\/span><\/p>\n<h4>Ihre Quilds sind fantastisch!<\/h4>\n<p>Ich habe mich vor 4 Monaten mit Genitalherpes infiziert und f\u00fchlte mich wie dem Tode geweiht. Ich habe verschiedene Dinge ausprobiert, die ich online gefunden habe. Nichts hat geholfen, bis ich \u00fcber Ihre fantastische Technologie stolperte. Ich kann nur DANKE sagen, alles verlief genau wie beschrieben, und seit jetzt mehr als 10 Wochen hatte ich keinen weiteren Ausbruch mehr. Das ist so gro\u00dfartig, und ich bin sehr dankbar, dass ich euch Leute gefunden habe. Ich werde Sie gerne weiter empfehlen. Machen Sie weiter mit Ihrer gro\u00dfartigen Arbeit.<\/p>\n<p><span>                        Lydia Jackson                    <\/span><span>                                                    <\/span><\/p>\n<h4>Sie haben meinen Genitalherpes beendet<\/h4>\n<p>Ich kann meine Gef\u00fchle nicht wirklich beschreiben. Nach fast 18 Jahren wiederkehrender Ausbr\u00fcche von Herpes Typ 2 fand ich Ihre Website vor einigen Monaten. Es war zun\u00e4chst schwer zu glauben, dass so etwas funktionieren kann. Als ich anfing, gingen die Schmerzen sehr schnell und die Wunden begannen wie versprochen zu heilen. Etwa 6 Wochen sp\u00e4ter kam es zu einem weiteren Ausbruch, aber viel sanfter, als ich es gewohnt war. Und dann, wie ein Wunder, KEINE AUSBR\u00dcCHE mehr seit mehr als 3 Monaten. Das ist so gro\u00dfartig. Ich danke Ihnen so sehr, dass Sie mir mein Leben zur\u00fcckgegeben haben.<\/p>\n<p><span>                        Steven Halk                    <\/span><span>                                                    <\/span><\/p>\n<h4>Endlich eine Herpes Behandlung, die wirkt!<\/h4>\n<p>Ich habe seit 4 Jahren die schlimmsten Schmerzen durch meinen Genitalherpes und h\u00e4tte nie gedacht, dass ich jemals ein Heilmittel finden w\u00fcrde, das die Schmerzen so effektiv lindert wie diese Quilds! Es ist fast magisch! Es ist unglaublich, wie gro\u00dfartig ich mich nach 4 Jahren qu\u00e4lender Schmerzen f\u00fchle! Bleibt dran, Leute!<\/p>\n<p><span>                        Mercy Lu                    <\/span><span>                                                    <\/span><\/p>\n<h4>4 Jahre kein Arztbesuch f\u00fcr meine Kinder<\/h4>\n<p>Als ich mit meiner zweiten Frau zusammenzog, bekamen unsere Kinder st\u00e4ndig Grippe, und ihre Mutter eilte mit ihnen zum Arzt. Sie kamen stets mit einem Haufen von Medikamenten nach Hause. Pillen, Sirupe, alles M\u00f6gliche. Antibiotika f\u00fcr jede kleine Grippe, das mochte ich nicht. Peter gab mir die fr\u00fchere Version des Immunit\u00e4tsverst\u00e4rkers, und unsere Situation \u00e4nderte sich. Zwar sind wir manchmal immer noch von Grippen betroffen, aber sie sind nie eskaliert. Kein Arzt und keine Antibiotika seit 4 Jahren, ich bin sehr gl\u00fccklich und empfehle den Immunit\u00e4tsverst\u00e4rker jedem.<\/p>\n<p><span>                        Andreas Koller                    <\/span><span>                                                    <\/span><\/p>\n<h4>Keine brennenden K\u00f6rperteile! Wunderbar!<\/h4>\n<p>Ich bin \u00fcberempfindlich gegen EMF-Strahlung. Ich habe in der Vergangenheit verschiedene Dinge ausprobiert, und ich habe auch ein Messger\u00e4t, um meine Umgebung zu messen. Mit dem EMF-Schutzquild hatte ich sofort Erfolg. Bereiche in meinem Haus, die ich gemieden habe, st\u00f6ren mich nicht mehr. Ob Sie \u00fcberempfindlich sind oder nicht, sollten Sie dieses Ding ausprobieren und sich sch\u00fctzen. Herzlichen Gl\u00fcckwunsch an den Erfinder.<\/p>\n<p><span>                        Billy Johnson                    <\/span><span>                                                    <\/span><\/p>\n","protected":false},"excerpt":{"rendered":"<p>Was unsere Kunden \u00fcber Quilds sagen! So gut wie keine Kopfschmerzen mehr! vielen Dank f\u00fcr die Erfindung des Quilds. Ich bin positiv beeindruckt, ich habe so gut wie fast keine Kopfschmerzen mehr, in dieser starken Form und war seid ich den Quild geladen habe auch nicht mehr krank, ein kurzer Anflug von Erk\u00e4ltung der dann [&hellip;]<\/p>\n","protected":false},"author":2,"featured_media":0,"parent":0,"menu_order":0,"comment_status":"closed","ping_status":"closed","template":"","meta":{"_acf_changed":false,"footnotes":"","tve_updated_post":"<div class=\"thrv_wrapper thrv_text_element\" style=\"\" data-css=\"tve-u-17c94014db9\"><h1 class=\"\"><span style=\"font-weight: normal;\">Was unsere Kunden \u00fcber Quilds sagen!<\/span><\/h1><\/div><div class=\"thrv_wrapper thrv_tvo_display_testimonials\"><div class=\"thrive-shortcode-config\" style=\"display: none;\">__CONFIG_tvo_shortcode__{\"template\":\"no-image\/set4\",\"name\":\"alle testimonials\",\"show_title\":\"1\",\"show_role\":\"1\",\"show_site\":\"1\",\"type\":\"display\",\"max_testimonials\":\"100\",\"testimonials\":[\"1958\",\"1904\",\"1889\",\"1870\",\"1865\",\"1864\",\"1859\",\"1828\",\"1763\",\"1751\",\"1216\",\"1215\",\"1214\",\"1213\",\"1212\",\"1211\",\"1210\",\"1209\",\"1208\",\"1207\",\"1206\",\"1205\",\"1204\",\"1162\",\"1161\",\"1160\",\"1159\",\"1158\",\"1157\",\"296\",\"295\",\"294\",\"293\",\"292\",\"291\"],\"tags\":[],\"id\":2562,\"custom_css\":{\".tvo-apply-background\":\"tve-u-17c940816c5\",\".tvo-testimonials-display h4\":\"tve-u-17c94085b26\",\".tvo-testimonials-display p\":\"tve-u-17c94088768\",\".tvo-testimonial-quote\":\"tve-u-17c9408ba4d\",\".tvo-testimonial-role\":\"tve-u-17c9408dcb3\",\".tvo-testimonial-name\":\"tve-u-17c9408fe0e\"}}__CONFIG_tvo_shortcode__<\/div><\/div>","tve_custom_css":"@media (min-width: 300px){[data-css=\"tve-u-17c94014db9\"] { margin-top: 57px !important; }:not(#tve) [data-css=\"tve-u-17c940816c5\"] { background-color: rgb(16, 231, 220) !important; border-color: rgb(16, 231, 220) !important; border-style: solid; border-width: 1px; border-image: none 100% \/ 1 \/ 0 stretch; }:not(#tve) [data-css=\"tve-u-17c94085b26\"] { color: var(--tcb-color-4) !important; }:not(#tve) [data-css=\"tve-u-17c94088768\"] { color: var(--tcb-color-4) !important; }:not(#tve) [data-css=\"tve-u-17c9408ba4d\"] { color: rgb(247, 158, 2) !important; }:not(#tve) [data-css=\"tve-u-17c9408dcb3\"] { color: rgb(247, 158, 2) !important; }:not(#tve) [data-css=\"tve-u-17c9408fe0e\"] { color: var(--tcb-color-4) !important; }}","tve_user_custom_css":"","tve_globals":{"e":"1","font_cls":[]},"tcb2_ready":1,"tcb_editor_enabled":1,"tve_landing_page":"","_tve_header":"0","_tve_footer":"0"},"class_list":["post-2558","page","type-page","status-publish","hentry","post-wrapper","thrv_wrapper"],"acf":[],"_links":{"self":[{"href":"https:\/\/quild.net\/de\/wp-json\/wp\/v2\/pages\/2558","targetHints":{"allow":["GET"]}}],"collection":[{"href":"https:\/\/quild.net\/de\/wp-json\/wp\/v2\/pages"}],"about":[{"href":"https:\/\/quild.net\/de\/wp-json\/wp\/v2\/types\/page"}],"author":[{"embeddable":true,"href":"https:\/\/quild.net\/de\/wp-json\/wp\/v2\/users\/2"}],"replies":[{"embeddable":true,"href":"https:\/\/quild.net\/de\/wp-json\/wp\/v2\/comments?post=2558"}],"version-history":[{"count":0,"href":"https:\/\/quild.net\/de\/wp-json\/wp\/v2\/pages\/2558\/revisions"}],"wp:attachment":[{"href":"https:\/\/quild.net\/de\/wp-json\/wp\/v2\/media?parent=2558"}],"curies":[{"name":"wp","href":"https:\/\/api.w.org\/{rel}","templated":true}]}}