{"id":165,"date":"2020-07-11T21:47:25","date_gmt":"2020-07-11T21:47:25","guid":{"rendered":"https:\/\/elektro.trentsetter.com\/?page_id=165"},"modified":"2024-07-29T21:23:17","modified_gmt":"2024-07-29T19:23:17","slug":"agb","status":"publish","type":"page","link":"https:\/\/quild.net\/de\/agb\/","title":{"rendered":"Allgemeine Gesch\u00e4ftsbedingungen &#8211; AGB"},"content":{"rendered":"<p>Diese Website (https:\/\/quild.net\/de), (&#8222;Quild.net&#8220;) wird als Service f\u00fcr ihre Kunden zur Verf\u00fcgung gestellt und darf nur zu Informationszwecken verwendet werden. Quild.net macht keine Zusicherungen \u00fcber die Eignung dieser Inhalte f\u00fcr andere Zwecke. Diese Allgemeinen Gesch\u00e4ftsbedingungen gelten f\u00fcr alle Verk\u00e4ufe und K\u00e4ufe, die \u00fcber diese Website get\u00e4tigt werden, unabh\u00e4ngig davon, ob die Bestellung per Internet, Telefon, Fax oder Post \u00fcbermittelt wurde.Durch die Nutzung dieser Website erkl\u00e4ren Sie sich damit einverstanden, an diese Gesch\u00e4ftsbedingungen gebunden zu sein. Wenn Sie damit nicht einverstanden sind, sollten Sie diese Website nicht nutzen und das Produkt nicht kaufen.<\/p>\n<h3>1. Urheberrechte<\/h3>\n<p>1.1 Sie erkennen an, dass der Inhalt dieser Website, einschlie\u00dflich, aber nicht beschr\u00e4nkt auf Quilds, Text, Software, Symbole, Ton, Fotos, Video, Grafiken oder anderes Material, das entweder in Sponsorenwerbung oder elektronisch vertriebenen, kommerziell produzierten Informationen enthalten ist, die Ihnen auf und durch diese Website pr\u00e4sentiert werden, das alleinige Eigentum von Quild.net ist. Sie d\u00fcrfen den Inhalt dieser Website, einschlie\u00dflich Code und Software, in keiner Weise ver\u00e4ndern, kopieren, reproduzieren, wiederver\u00f6ffentlichen, hochladen, posten, \u00fcbertragen oder verteilen.<\/p>\n<p>1.2 Sofern nicht ausdr\u00fccklich hierin vorgesehen, gew\u00e4hrt Quild.net Ihnen keine ausdr\u00fccklichen oder stillschweigenden Rechte im Rahmen von Patenten, Urheberrechten, Marken, Handelsnamen oder Informationen \u00fcber Gesch\u00e4ftsgeheimnisse. Alle auf dieser Website verwendeten Marken sind Eigentum von Quild.net oder des eingetragenen Eigent\u00fcmers solcher Marken. Alle geistigen Eigentumsrechte in Bezug auf solche Marken und alle Urheberrechte und sonstigen geistigen Eigentumsrechte in Bezug auf diese Website sind Eigentum von Quild.net oder in der Obhut von eingetragenen Marken, dem Eigent\u00fcmer ihrer Marken.<\/p>\n<p>1.3 Quild.net ist ein einzigartiges Produkt. Um die geistigen Eigentumsrechte von Quild.net an diesem Produkt zu sch\u00fctzen, ist der Weiterverkauf seiner Waren f\u00fcr pers\u00f6nliche oder gesch\u00e4ftliche Zwecke streng verboten. Alle Bestellungen, bei denen festgestellt wird, dass sie Merkmale eines Wiederverkaufs aufweisen, werden storniert, und Quild.net beh\u00e4lt sich das Recht vor, alle nachfolgenden Bestellungen solcher Kunden zu stornieren.<\/p>\n<p>1.4 Die Quilds von Quilds.net sind Eigentum von Quilds.net. Dem Kunden ist es nicht erlaubt, die Quilds in irgendeiner Weise zu kopieren, wiederzuverwenden oder zu verteilen. Der einzige Zweck der Quilds ist die Behandlung einer einzelnen Person, einer Gruppe oder einer Familie, basierend auf dem bestellten Produkt. Jede Art der Vervielf\u00e4ltigung der Quilds wird von Quild.net als Verbrechen gewertet.<\/p>\n<h3>2. Produkte und Preise<\/h3>\n<p>2.1 Alle auf der Website erscheinenden Preise sind in US-Dollar angegeben und k\u00f6nnen ohne vorherige Ank\u00fcndigung ge\u00e4ndert werden. Quild.net beh\u00e4lt sich das Recht vor, Bestellungen mit falschen Preisen abzulehnen, die aufgrund von, aber nicht beschr\u00e4nkt auf, Dateneingabefehler, Codefehler, Hacking, falsche Preisangaben des Herstellers oder \u00dcbersetzungsfehler auftreten k\u00f6nnen.<\/p>\n<p>2.2 Die auf dieser Website erscheinenden Produkte unterliegen der Verf\u00fcgbarkeit. Quild.net beh\u00e4lt sich das Recht vor, die auf dieser Website enthaltenen Produkte oder Informationen ohne Vorank\u00fcndigung zu \u00e4ndern, zu aktualisieren oder einzustellen. Die Informationen auf dieser Website sind zum Zeitpunkt der Ver\u00f6ffentlichung auf dem neuesten Stand, k\u00f6nnen jedoch ohne Vorank\u00fcndigung ge\u00e4ndert werden.<\/p>\n<h3>3. Bestellungen<\/h3>\n<p>3.1 Quild.net beh\u00e4lt sich das Recht vor, den Handel mit Unternehmen oder Personen abzulehnen. Dar\u00fcber hinaus kann Quild.net die Annahme einer Bestellung ablehnen, unabh\u00e4ngig davon, ob die Zahlung eingegangen ist oder nicht, indem der Kunde per Fax, E-Mail oder Telefon \u00fcber die Nichtannahme informiert wird. Sollte Quild.net eine Bestellung, bei der die Zahlung eingegangen ist, nicht annehmen, erstattet Quild.net die Zahlung zur\u00fcck.<\/p>\n<h3>4. Zahlung<\/h3>\n<p>4.1 Sie m\u00fcssen jede Bestellung bei Quild.net zum Zeitpunkt der Bestellung per Kreditkarte oder Paypal bezahlen. Quild.net verwendet Stripe f\u00fcr die Annahme von Zahlungen per Kreditkarte und Paypal. Stripe und Paypal sind PCI-konforme Zahlungsgateways f\u00fcr H\u00e4ndler weltweit, die Kredit- und Debitkarten akzeptieren. In der Folge sieht Quild.net Ihre Kartendaten nie wirklich. Stripe verarbeitet Ihre Zahlung und leitet die Zahlung an uns weiter.<\/p>\n<p>4.2 Der Name, unter dem Ihre Anweisung erscheinen wird, lautet QUILD.NET c\/o \u200bPETER BAUMANN GMBH.<\/p>\n<h3>5. Haftungsausschluss und Haftungs-beschr\u00e4nkung<\/h3>\n<p>5.1 Das Material auf dieser Website k\u00f6nnte technische Ungenauigkeiten oder typografische Fehler enthalten.<\/p>\n<p>5.2 Sie \u00fcbernehmen die gesamte Verantwortung und das Risiko f\u00fcr die Nutzung dieser Website und des Internets im Allgemeinen.<\/p>\n<p>5.3 Die Materialien werden &#8222;so wie sie sind&#8220; zur Verf\u00fcgung gestellt, ohne jegliche ausdr\u00fcckliche oder stillschweigende Garantie jeglicher Art, einschlie\u00dflich, aber nicht beschr\u00e4nkt auf Garantien der Marktg\u00e4ngigkeit, der Eignung f\u00fcr einen bestimmten Zweck, der Nichtverletzung geistigen Eigentums und der Freiheit von Fehlern, Viren, Bugs oder anderen sch\u00e4dlichen Komponenten. In keinem Fall ist Quild.net haftbar f\u00fcr Sch\u00e4den jeglicher Art (einschlie\u00dflich, aber nicht beschr\u00e4nkt auf spezielle, indirekte oder Folgesch\u00e4den und Sch\u00e4den, die aus Nutzungs-, Daten- oder Gewinnverlusten oder Gesch\u00e4ftsunterbrechungen resultieren), die sich aus der Verwendung oder der Unm\u00f6glichkeit der Verwendung der Materialien oder einer mit Hyperlinks verbundenen Website ergeben, selbst wenn Quild.net auf die M\u00f6glichkeit solcher Sch\u00e4den hingewiesen wurde.<\/p>\n<p data-empty=\"true\">\n<p>5.4 Quild.net \u00fcbernimmt keine Garantie f\u00fcr die Richtigkeit oder Vollst\u00e4ndigkeit der auf dieser Website enthaltenen Informationen, Texte, Grafiken, Links und anderen Elemente. Informationen \u00fcber die auf dieser Website angebotenen Dienste werden unter der Pr\u00e4misse bereitgestellt, dass Quild.net nicht f\u00fcr deren Eignung f\u00fcr die Verwendung in Ihrer speziellen Anwendung haftet.<\/p>\n<p>5.5 Sie best\u00e4tigen, dass Sie den Inhalt Ihrer Bestellung \u00fcberpr\u00fcft haben und best\u00e4tigen, dass sie akzeptable und genehmigte Artikel f\u00fcr die Einfuhr in das Bestimmungs-\/Lieferland enth\u00e4lt. Sie allein akzeptieren das volle Risiko, dass Artikel oder Pakete (oder Teile davon) vom Zoll aus welchem Grund auch immer zur\u00fcckgehalten werden, und erkennen an und stimmen zu, dass Sie Quild.net nicht daf\u00fcr haftbar machen, dass solche Pakete, aus welchem Grund auch immer, nicht an ihren Bestimmungsort geliefert werden k\u00f6nnen.<\/p>\n<p>5.6 Quild.net beh\u00e4lt sich das Recht vor, ohne vorherige Ank\u00fcndigung \u00c4nderungen und Aktualisierungen der auf dieser Website enthaltenen Informationen vorzunehmen.<\/p>\n<p>5.7 Diese Allgemeinen Gesch\u00e4ftsbedingungen stellen die einzige und ausschlie\u00dfliche Vereinbarung zwischen Ihnen und Quild.net dar. Sie erkennen an, dass keine anderen schriftlichen oder m\u00fcndlichen Gew\u00e4hrleistungen und Zusicherungen gegeben wurden, die hier nicht wiedergegeben sind.<\/p>\n<p>5.8 Sollte ein Teil dieser Gesch\u00e4ftsbedingungen ungesetzlich, ung\u00fcltig oder nicht durchsetzbar sein, wird dieser Teil als abtrennbar betrachtet und hat keinen Einfluss auf die G\u00fcltigkeit und Durchsetzbarkeit der \u00fcbrigen Bestimmungen.<\/p>\n<h3>6. Versand<\/h3>\n<p>6.1 Die meisten Produkte von Quld.net sind Online-Dienste und werden daher direkt nach Eingang Ihrer Zahlung geliefert. Sie k\u00f6nnen sofort nach Zahlungseingang auf den Service zugreifen.<\/p>\n<p>6.2 Was Waren wie Hemden und Kappen betrifft, ist Quild.net bestrebt, Produkte innerhalb von f\u00fcnf Werktagen nach Eingang der Bestellung zu versenden, sofern nicht anders angegeben. Sollte Quild.net nicht in der Lage sein, Ihre Bestellung innerhalb von f\u00fcnf Werktagen zu versenden, werden wir uns mit Ihnen in Verbindung setzen und Sie \u00fcber das voraussichtliche Versanddatum informieren.<\/p>\n<p>6.3 Bitte \u00fcberpr\u00fcfen Sie Ihre Lieferadresse sorgf\u00e4ltig, da Quild.net nicht f\u00fcr die Lieferung an eine falsche Adresse verantwortlich ist. Die Kosten f\u00fcr den erneuten Versand eines Pakets, das aufgrund einer falschen Adresse zur\u00fcckgeschickt wird, gehen zu Ihren Lasten.<\/p>\n<h3>7. R\u00fcckgabe-Richtlinien<\/h3>\n<p>7.1 Wenn Sie Ihr Produkt erhalten, \u00fcberpr\u00fcfen Sie es bitte sofort auf Fehler und melden Sie uns diese innerhalb von 48 Stunden nach Lieferung unter service@quild.net. Reklamationen f\u00fcr fehlerhafte Waren m\u00fcssen innerhalb von 48 Stunden nach der Lieferung gemeldet werden. Reklamationen werden erst nach R\u00fccksendung der fehlerhaften Ware unter klarer Angabe der Art des Fehlers bearbeitet. Nach R\u00fccksendung des besch\u00e4digten Produkts an Quild.net wird es entweder<\/p>\n<p>(a) Erstatten wir den Produktpreis und die Liefergeb\u00fchr mit Ihrer Zahlungsmethode; oder<\/p>\n<p>(b) Versenden wir ein Ersatzprodukt auf unsere Kosten.<\/p>\n<p>R\u00fccksendeadresse: <strong>Trentsetter GmbH,&nbsp;<\/strong>P.O. Box 615, 8832 Wollerau, Switzerland<\/p>\n<h3>8. Die 30-Tage-Geld-zur\u00fcck-Garantie<\/h3>\n<p>8.1 Quild.net bietet eine 30-t\u00e4gige Geld-zur\u00fcck-Garantie f\u00fcr alle Quild-Produkte auf der Website. Wenn Sie mit den Ergebnissen des Service von Quild.net nicht zufrieden sind, k\u00f6nnen Sie die R\u00fcckgabe Ihres Geldes in voller H\u00f6he beantragen, indem Sie eine E-Mail an service@quild.net senden oder uns \u00fcber das Kontaktformular kontaktieren. Sie m\u00fcssen die f\u00fcr die Bestellung verwendete E-Mail-Adresse und das betreffende Produkt angeben. Quild.net wird die R\u00fcckzahlung innerhalb von 48 Stunden veranlassen.<\/p>\n<h3>9. Privatsph\u00e4re<\/h3>\n<p>9.1 Quild.net kann Informationen \u00fcber die Besucher dieser Website sammeln. Quild.net wird solche Informationen nicht an Personen oder Agenturen au\u00dferhalb von Quild.net und deren Werbe- und Promotionagenturen oder Berater verkaufen, verleihen, tauschen oder anderweitig weitergeben.<\/p>\n<h3>10. Standort<\/h3>\n<p>9.1 Unternehmen mit Standort in der Schweiz, \u200bWiesenweg 3, 88\u200b56 Galgenen, Schweiz<\/p>\n<h3>11. Datenschutzrichtlinie, Impressum und Haftungsausschluss<\/h3>\n<p>10.1 Quild.net verweist auch auf den <a href=\"https:\/\/quild.net\/de\/haftungsausschluss\/\" target=\"_blank\" style=\"outline: none;\" rel=\"noopener\">Haftungsausschluss<\/a>, die <a href=\"https:\/\/quild.net\/de\/datenschutzerklaerung\/\" target=\"_blank\" style=\"outline: currentcolor none medium;\" rel=\"noopener\">Datenschutzrichtlinie<\/a> und das <a href=\"https:\/\/quild.net\/de\/impressum\/\" target=\"_blank\" style=\"outline: none;\" rel=\"noopener\">Impressum<\/a> auf der Website.<\/p>\n<h3>12. Geltendes Recht<\/h3>\n<p>12.1 Diese Gesch\u00e4ftsbedingungen unterliegen den Gesetzen der Schweiz, und die Parteien unterwerfen sich hiermit unwiderruflich der ausschlie\u00dflichen Gerichtsbarkeit des High Court in Z\u00fcrich oder eines anderen Gerichts, das Berufungen von diesem Gericht entgegennehmen kann.<\/p>\n","protected":false},"excerpt":{"rendered":"<p>Diese Website (https:\/\/quild.net\/de), (&#8222;Quild.net&#8220;) wird als Service f\u00fcr ihre Kunden zur Verf\u00fcgung gestellt und darf nur zu Informationszwecken verwendet werden. Quild.net macht keine Zusicherungen \u00fcber die Eignung dieser Inhalte f\u00fcr andere Zwecke. Diese Allgemeinen Gesch\u00e4ftsbedingungen gelten f\u00fcr alle Verk\u00e4ufe und K\u00e4ufe, die \u00fcber diese Website get\u00e4tigt werden, unabh\u00e4ngig davon, ob die Bestellung per Internet, Telefon, [&hellip;]<\/p>\n","protected":false},"author":2,"featured_media":0,"parent":0,"menu_order":0,"comment_status":"closed","ping_status":"closed","template":"","meta":{"_acf_changed":false,"footnotes":"","tve_updated_post":"<div class=\"thrv_wrapper thrv-columns\" style=\"--tcb-col-el-width: 1049;\"><div class=\"tcb-flex-row v-2 tcb--cols--2\"><div class=\"tcb-flex-col\"><div class=\"tcb-col\"><div class=\"thrv_wrapper thrv_text_element\"><p>\tDiese Website (https:\/\/quild.net\/de), (\"Quild.net\") wird als Service f\u00fcr ihre Kunden zur Verf\u00fcgung gestellt und darf nur zu Informationszwecken verwendet werden. Quild.net macht keine Zusicherungen \u00fcber die Eignung dieser Inhalte f\u00fcr andere Zwecke. <br><br>Diese Allgemeinen Gesch\u00e4ftsbedingungen gelten f\u00fcr alle Verk\u00e4ufe und K\u00e4ufe, die \u00fcber diese Website get\u00e4tigt werden, unabh\u00e4ngig davon, ob die Bestellung per Internet, Telefon, Fax oder Post \u00fcbermittelt wurde.<br><br>Durch die Nutzung dieser Website erkl\u00e4ren Sie sich damit einverstanden, an diese Gesch\u00e4ftsbedingungen gebunden zu sein. Wenn Sie damit nicht einverstanden sind, sollten Sie diese Website nicht nutzen und das Produkt nicht kaufen.<\/p><h3 class=\"\">1. Urheberrechte<\/h3><p>1.1 Sie erkennen an, dass der Inhalt dieser Website, einschlie\u00dflich, aber nicht beschr\u00e4nkt auf Quilds, Text, Software, Symbole, Ton, Fotos, Video, Grafiken oder anderes Material, das entweder in Sponsorenwerbung oder elektronisch vertriebenen, kommerziell produzierten Informationen enthalten ist, die Ihnen auf und durch diese Website pr\u00e4sentiert werden, das alleinige Eigentum von Quild.net ist. Sie d\u00fcrfen den Inhalt dieser Website, einschlie\u00dflich Code und Software, in keiner Weise ver\u00e4ndern, kopieren, reproduzieren, wiederver\u00f6ffentlichen, hochladen, posten, \u00fcbertragen oder verteilen.<\/p><p>1.2 Sofern nicht ausdr\u00fccklich hierin vorgesehen, gew\u00e4hrt Quild.net Ihnen keine ausdr\u00fccklichen oder stillschweigenden Rechte im Rahmen von Patenten, Urheberrechten, Marken, Handelsnamen oder Informationen \u00fcber Gesch\u00e4ftsgeheimnisse. Alle auf dieser Website verwendeten Marken sind Eigentum von Quild.net oder des eingetragenen Eigent\u00fcmers solcher Marken. Alle geistigen Eigentumsrechte in Bezug auf solche Marken und alle Urheberrechte und sonstigen geistigen Eigentumsrechte in Bezug auf diese Website sind Eigentum von Quild.net oder in der Obhut von eingetragenen Marken, dem Eigent\u00fcmer ihrer Marken.<\/p><p>1.3 Quild.net ist ein einzigartiges Produkt. Um die geistigen Eigentumsrechte von Quild.net an diesem Produkt zu sch\u00fctzen, ist der Weiterverkauf seiner Waren f\u00fcr pers\u00f6nliche oder gesch\u00e4ftliche Zwecke streng verboten. Alle Bestellungen, bei denen festgestellt wird, dass sie Merkmale eines Wiederverkaufs aufweisen, werden storniert, und Quild.net beh\u00e4lt sich das Recht vor, alle nachfolgenden Bestellungen solcher Kunden zu stornieren.<\/p><p>1.4 Die Quilds von Quilds.net sind Eigentum von Quilds.net. Dem Kunden ist es nicht erlaubt, die Quilds in irgendeiner Weise zu kopieren, wiederzuverwenden oder zu verteilen. Der einzige Zweck der Quilds ist die Behandlung einer einzelnen Person, einer Gruppe oder einer Familie, basierend auf dem bestellten Produkt. Jede Art der Vervielf\u00e4ltigung der Quilds wird von Quild.net als Verbrechen gewertet.<\/p><h3 class=\"\">2. Produkte und Preise<\/h3><p>2.1 Alle auf der Website erscheinenden Preise sind in US-Dollar angegeben und k\u00f6nnen ohne vorherige Ank\u00fcndigung ge\u00e4ndert werden. Quild.net beh\u00e4lt sich das Recht vor, Bestellungen mit falschen Preisen abzulehnen, die aufgrund von, aber nicht beschr\u00e4nkt auf, Dateneingabefehler, Codefehler, Hacking, falsche Preisangaben des Herstellers oder \u00dcbersetzungsfehler auftreten k\u00f6nnen.<\/p><p>2.2 Die auf dieser Website erscheinenden Produkte unterliegen der Verf\u00fcgbarkeit. Quild.net beh\u00e4lt sich das Recht vor, die auf dieser Website enthaltenen Produkte oder Informationen ohne Vorank\u00fcndigung zu \u00e4ndern, zu aktualisieren oder einzustellen. Die Informationen auf dieser Website sind zum Zeitpunkt der Ver\u00f6ffentlichung auf dem neuesten Stand, k\u00f6nnen jedoch ohne Vorank\u00fcndigung ge\u00e4ndert werden.<\/p><h3 class=\"\">3. Bestellungen<\/h3><p>3.1 Quild.net beh\u00e4lt sich das Recht vor, den Handel mit Unternehmen oder Personen abzulehnen. Dar\u00fcber hinaus kann Quild.net die Annahme einer Bestellung ablehnen, unabh\u00e4ngig davon, ob die Zahlung eingegangen ist oder nicht, indem der Kunde per Fax, E-Mail oder Telefon \u00fcber die Nichtannahme informiert wird. Sollte Quild.net eine Bestellung, bei der die Zahlung eingegangen ist, nicht annehmen, erstattet Quild.net die Zahlung zur\u00fcck.<\/p><h3 class=\"\">4. Zahlung<\/h3><p>4.1 Sie m\u00fcssen jede Bestellung bei Quild.net zum Zeitpunkt der Bestellung per Kreditkarte oder Paypal bezahlen. Quild.net verwendet Stripe f\u00fcr die Annahme von Zahlungen per Kreditkarte und Paypal. Stripe und Paypal sind PCI-konforme Zahlungsgateways f\u00fcr H\u00e4ndler weltweit, die Kredit- und Debitkarten akzeptieren. In der Folge sieht Quild.net Ihre Kartendaten nie wirklich. Stripe verarbeitet Ihre Zahlung und leitet die Zahlung an uns weiter.<\/p><p>4.2 Der Name, unter dem Ihre Anweisung erscheinen wird, lautet QUILD.NET c\/o PETER BAUMANN GMBH.<\/p><h3 class=\"\">5. Haftungsausschluss und Haftungs-beschr\u00e4nkung<\/h3><p>5.1 Das Material auf dieser Website k\u00f6nnte technische Ungenauigkeiten oder typografische Fehler enthalten.<\/p><p>5.2 Sie \u00fcbernehmen die gesamte Verantwortung und das Risiko f\u00fcr die Nutzung dieser Website und des Internets im Allgemeinen.<\/p><p>5.3 Die Materialien werden \"so wie sie sind\" zur Verf\u00fcgung gestellt, ohne jegliche ausdr\u00fcckliche oder stillschweigende Garantie jeglicher Art, einschlie\u00dflich, aber nicht beschr\u00e4nkt auf Garantien der Marktg\u00e4ngigkeit, der Eignung f\u00fcr einen bestimmten Zweck, der Nichtverletzung geistigen Eigentums und der Freiheit von Fehlern, Viren, Bugs oder anderen sch\u00e4dlichen Komponenten. In keinem Fall ist Quild.net haftbar f\u00fcr Sch\u00e4den jeglicher Art (einschlie\u00dflich, aber nicht beschr\u00e4nkt auf spezielle, indirekte oder Folgesch\u00e4den und Sch\u00e4den, die aus Nutzungs-, Daten- oder Gewinnverlusten oder Gesch\u00e4ftsunterbrechungen resultieren), die sich aus der Verwendung oder der Unm\u00f6glichkeit der Verwendung der Materialien oder einer mit Hyperlinks verbundenen Website ergeben, selbst wenn Quild.net auf die M\u00f6glichkeit solcher Sch\u00e4den hingewiesen wurde.<\/p><p data-empty=\"true\"><br><\/p><\/div><\/div><\/div><div class=\"tcb-flex-col\"><div class=\"tcb-col\"><div class=\"thrv_wrapper thrv_text_element\"><p>\t5.4 Quild.net \u00fcbernimmt keine Garantie f\u00fcr die Richtigkeit oder Vollst\u00e4ndigkeit der auf dieser Website enthaltenen Informationen, Texte, Grafiken, Links und anderen Elemente. Informationen \u00fcber die auf dieser Website angebotenen Dienste werden unter der Pr\u00e4misse bereitgestellt, dass Quild.net nicht f\u00fcr deren Eignung f\u00fcr die Verwendung in Ihrer speziellen Anwendung haftet.<\/p><p>5.5 Sie best\u00e4tigen, dass Sie den Inhalt Ihrer Bestellung \u00fcberpr\u00fcft haben und best\u00e4tigen, dass sie akzeptable und genehmigte Artikel f\u00fcr die Einfuhr in das Bestimmungs-\/Lieferland enth\u00e4lt. Sie allein akzeptieren das volle Risiko, dass Artikel oder Pakete (oder Teile davon) vom Zoll aus welchem Grund auch immer zur\u00fcckgehalten werden, und erkennen an und stimmen zu, dass Sie Quild.net nicht daf\u00fcr haftbar machen, dass solche Pakete, aus welchem Grund auch immer, nicht an ihren Bestimmungsort geliefert werden k\u00f6nnen.<\/p><p>5.6 Quild.net beh\u00e4lt sich das Recht vor, ohne vorherige Ank\u00fcndigung \u00c4nderungen und Aktualisierungen der auf dieser Website enthaltenen Informationen vorzunehmen.<\/p><p>5.7 Diese Allgemeinen Gesch\u00e4ftsbedingungen stellen die einzige und ausschlie\u00dfliche Vereinbarung zwischen Ihnen und Quild.net dar. Sie erkennen an, dass keine anderen schriftlichen oder m\u00fcndlichen Gew\u00e4hrleistungen und Zusicherungen gegeben wurden, die hier nicht wiedergegeben sind.<\/p><p>5.8 Sollte ein Teil dieser Gesch\u00e4ftsbedingungen ungesetzlich, ung\u00fcltig oder nicht durchsetzbar sein, wird dieser Teil als abtrennbar betrachtet und hat keinen Einfluss auf die G\u00fcltigkeit und Durchsetzbarkeit der \u00fcbrigen Bestimmungen.<\/p><h3 class=\"\">6. Versand<\/h3><p>6.1 Die meisten Produkte von Quld.net sind Online-Dienste und werden daher direkt nach Eingang Ihrer Zahlung geliefert. Sie k\u00f6nnen sofort nach Zahlungseingang auf den Service zugreifen.<\/p><p>6.2 Was Waren wie Hemden und Kappen betrifft, ist Quild.net bestrebt, Produkte innerhalb von f\u00fcnf Werktagen nach Eingang der Bestellung zu versenden, sofern nicht anders angegeben. Sollte Quild.net nicht in der Lage sein, Ihre Bestellung innerhalb von f\u00fcnf Werktagen zu versenden, werden wir uns mit Ihnen in Verbindung setzen und Sie \u00fcber das voraussichtliche Versanddatum informieren.<\/p><p>6.3 Bitte \u00fcberpr\u00fcfen Sie Ihre Lieferadresse sorgf\u00e4ltig, da Quild.net nicht f\u00fcr die Lieferung an eine falsche Adresse verantwortlich ist. Die Kosten f\u00fcr den erneuten Versand eines Pakets, das aufgrund einer falschen Adresse zur\u00fcckgeschickt wird, gehen zu Ihren Lasten.<\/p><h3 class=\"\">7. R\u00fcckgabe-Richtlinien<\/h3><p>7.1 Wenn Sie Ihr Produkt erhalten, \u00fcberpr\u00fcfen Sie es bitte sofort auf Fehler und melden Sie uns diese innerhalb von 48 Stunden nach Lieferung unter service@quild.net. Reklamationen f\u00fcr fehlerhafte Waren m\u00fcssen innerhalb von 48 Stunden nach der Lieferung gemeldet werden. Reklamationen werden erst nach R\u00fccksendung der fehlerhaften Ware unter klarer Angabe der Art des Fehlers bearbeitet. Nach R\u00fccksendung des besch\u00e4digten Produkts an Quild.net wird es entweder<\/p><p>(a) Erstatten wir den Produktpreis und die Liefergeb\u00fchr mit Ihrer Zahlungsmethode; oder<\/p><p>(b) Versenden wir ein Ersatzprodukt auf unsere Kosten.<\/p><p>R\u00fccksendeadresse: <strong>Trentsetter GmbH,&nbsp;<\/strong>P.O. Box 615, 8832 Wollerau, Switzerland<\/p><h3 class=\"\">8. Die 30-Tage-Geld-zur\u00fcck-Garantie<\/h3><p>8.1 Quild.net bietet eine 30-t\u00e4gige Geld-zur\u00fcck-Garantie f\u00fcr alle Quild-Produkte auf der Website. Wenn Sie mit den Ergebnissen des Service von Quild.net nicht zufrieden sind, k\u00f6nnen Sie die R\u00fcckgabe Ihres Geldes in voller H\u00f6he beantragen, indem Sie eine E-Mail an service@quild.net senden oder uns \u00fcber das Kontaktformular kontaktieren. Sie m\u00fcssen die f\u00fcr die Bestellung verwendete E-Mail-Adresse und das betreffende Produkt angeben. Quild.net wird die R\u00fcckzahlung innerhalb von 48 Stunden veranlassen.<\/p><h3 class=\"\">9. Privatsph\u00e4re<\/h3><p>9.1 Quild.net kann Informationen \u00fcber die Besucher dieser Website sammeln. Quild.net wird solche Informationen nicht an Personen oder Agenturen au\u00dferhalb von Quild.net und deren Werbe- und Promotionagenturen oder Berater verkaufen, verleihen, tauschen oder anderweitig weitergeben.<\/p><h3 class=\"\">10. Standort<\/h3><p>9.1 Unternehmen mit Standort in der Schweiz, Wiesenweg 3, 8856 Galgenen, Schweiz<\/p><h3 class=\"\">11. Datenschutzrichtlinie, Impressum und Haftungsausschluss<\/h3><p>10.1 Quild.net verweist auch auf den <a href=\"https:\/\/quild.net\/de\/haftungsausschluss\/\" target=\"_blank\" class=\"\" style=\"outline: none;\">Haftungsausschluss<\/a>, die <a href=\"https:\/\/quild.net\/de\/datenschutzerklaerung\/\" target=\"_blank\" class=\"\" style=\"outline: currentcolor none medium;\">Datenschutzrichtlinie<\/a> und das <a href=\"https:\/\/quild.net\/de\/impressum\/\" target=\"_blank\" class=\"\" style=\"outline: none;\">Impressum<\/a> auf der Website.<\/p><h3 class=\"\">12. Geltendes Recht<\/h3><p>12.1 Diese Gesch\u00e4ftsbedingungen unterliegen den Gesetzen der Schweiz, und die Parteien unterwerfen sich hiermit unwiderruflich der ausschlie\u00dflichen Gerichtsbarkeit des High Court in Z\u00fcrich oder eines anderen Gerichts, das Berufungen von diesem Gericht entgegennehmen kann.<\/p><\/div><\/div><\/div><\/div><\/div>","tve_custom_css":"","tve_user_custom_css":"","tve_globals":{"e":"1","font_cls":[]},"tcb2_ready":1,"tcb_editor_enabled":1,"tve_landing_page":"","_tve_header":"0","_tve_footer":"0"},"class_list":["post-165","page","type-page","status-publish","hentry","post-wrapper","thrv_wrapper"],"acf":[],"_links":{"self":[{"href":"https:\/\/quild.net\/de\/wp-json\/wp\/v2\/pages\/165","targetHints":{"allow":["GET"]}}],"collection":[{"href":"https:\/\/quild.net\/de\/wp-json\/wp\/v2\/pages"}],"about":[{"href":"https:\/\/quild.net\/de\/wp-json\/wp\/v2\/types\/page"}],"author":[{"embeddable":true,"href":"https:\/\/quild.net\/de\/wp-json\/wp\/v2\/users\/2"}],"replies":[{"embeddable":true,"href":"https:\/\/quild.net\/de\/wp-json\/wp\/v2\/comments?post=165"}],"version-history":[{"count":0,"href":"https:\/\/quild.net\/de\/wp-json\/wp\/v2\/pages\/165\/revisions"}],"wp:attachment":[{"href":"https:\/\/quild.net\/de\/wp-json\/wp\/v2\/media?parent=165"}],"curies":[{"name":"wp","href":"https:\/\/api.w.org\/{rel}","templated":true}]}}