{"id":1395,"date":"2020-09-21T11:03:03","date_gmt":"2020-09-21T11:03:03","guid":{"rendered":"https:\/\/quild.net\/?page_id=1395"},"modified":"2021-05-24T11:44:55","modified_gmt":"2021-05-24T09:44:55","slug":"android-download","status":"publish","type":"page","link":"https:\/\/quild.net\/de\/android-download\/","title":{"rendered":"Anleitung zum DOWNLOAD von Quild&#8217;s auf Android Ger\u00e4te"},"content":{"rendered":"<p style=\"text-align: center;\"><strong>BEFOLGE DIEse SECHS SCHRITTE<\/strong><\/p>\n<h2 style=\"text-align: center;\">Zur Einrichtung von Quilds auf Android-Ger\u00e4ten befolge diese Schritte sorgf\u00e4ltig!<\/h2>\n<p><span style=\"color:var(--tcb-color-4);\">Seit Android 5.0 verf\u00fcgt jedes Android-Telefon oder -Pad \u00fcber eine Datei-App. Leider ist es manchmal immer noch verwirrend, wo Android heruntergeladene Dateien speichert. <strong>Wir empfehlen Dir, die SUCHFUNKTION innerhalb der DATEIEN APP am Ende des Prozesses zu verwenden<\/strong>, um zu best\u00e4tigen, dass Du Dein Quild erfolgreich heruntergeladen hast.<\/span><\/p>\n<p><strong>Abh\u00e4ngig von der Marke Deines Android-Telefons (Samsung, Oppo, Huawei, Google, Tecno, &#8230;)<\/strong><strong><span style=\"color: var(--tcb-color-3);\">die DATEIEN APP kann unterschiedlichen Namen wie &#8222;Datei&#8220;, &#8222;Datei Manager&#8220;, &#8222;Meine Dateien&#8220;, &#8222;Datei Explorer&#8220; haben<\/span><\/strong>. Auch die folgenden Print-Screens werden je nach Marke etwas anders aussehen. F\u00fcr die Print-Screens habe ich ein Huawei Phone verwendet.<\/p>\n<p><strong>2.&nbsp;<\/strong><strong><strong>Suche im Posteingang nach der Mail mit dem Betreff &#8222;Dein Quild steht zum Herunterladen bereit&#8220;.<\/strong><\/strong><\/p>\n<p><strong>3. Folge den unten beschriebenen Schritten.<\/strong><\/p>\n<p style=\"font-size: 24px !important;\"><strong>HINWEIS: DU KANNST DIE QUILD-DATEI NICHT \u00d6FFNEN, NUR HERUNTERLADEN!!!<\/strong><\/p>\n<p style=\"text-align: center;\"><strong>QUILD HERUNTERLADEN<\/strong><\/p>\n<h2 style=\"text-align: center;\">Lade Dein Quild jetzt herunter, indem Du den roten Kreisen auf den Print-Screens folgst.<\/h2>\n<h4>Schritt 1<\/h4>\n<p>Klicke den <strong>Download-Link<\/strong> in der Mail<\/p>\n<p><span><img decoding=\"async\" alt=\"Open Mail\" data-id=\"1403\" data-init-width=\"1080\" data-init-height=\"2340\" title=\"Open Mail\" loading=\"lazy\" src=\"https:\/\/quild.net\/de\/wp-content\/uploads\/2020\/09\/Screenshot_20200921_144706_com.google.android.gm_.jpg\" data-width=\"203\" data-height=\"441\" width=\"203\" height=\"441\"><\/span><\/p>\n<h4>Schritt 2<\/h4>\n<p>Suche die <strong>Download-Funktion<\/strong><\/p>\n<p><span><img decoding=\"async\" alt=\"Look for Download\" data-id=\"1402\" data-init-width=\"1080\" data-init-height=\"2340\" title=\"Look for Download\" loading=\"lazy\" src=\"https:\/\/quild.net\/de\/wp-content\/uploads\/2020\/09\/Screenshot_20200921_144735_com.google.android.apps_.docs_.jpg\" data-width=\"203\" data-height=\"441\" width=\"203\" height=\"441\"><\/span><\/p>\n<h4>Schritt 3<\/h4>\n<p>Klicke <strong>Herunterladen <\/strong>im Men\u00fc<\/p>\n<p><span><img decoding=\"async\" alt=\"Choose Download\" data-id=\"1401\" data-init-width=\"1080\" data-init-height=\"2340\" title=\"Choose Download\" loading=\"lazy\" src=\"https:\/\/quild.net\/de\/wp-content\/uploads\/2020\/09\/Screenshot_20200921_144802_com.google.android.apps_.docs_.jpg\" data-width=\"203\" data-height=\"441\" width=\"203\" height=\"441\"><\/span><\/p>\n<p style=\"\"><strong>You will see a short confirmation box for the download.<\/strong><\/p>\n<p style=\"text-align: center;\"><strong>BEST\u00c4TIGE QUILD MIT DATEI-MANAGER<\/strong><\/p>\n<h2 style=\"text-align: center;\"><span style=\"color: var(--tcb-color-3);\">Suche nach &#8222;quild&#8220; <\/span><span style=\"color: var(--tcb-skin-color-3);\">innerhalb deiner Datei-Manager-App<\/span><\/h2>\n<p style=\"text-align: center;\">Je nach Android Telefon Marke (Samsung, Huawei, Google, Oppo, &#8230;), kann die Datei Manager App unterschiedlich heissen!&nbsp;<strong>Datei<\/strong>, <strong>Meine Dateien<\/strong>, <strong>Datei Manager<\/strong>.&nbsp;<\/p>\n<h4>Schritt 4<\/h4>\n<p>\u00d6ffne die Dateien App mit einem Klick<\/p>\n<p><span><img decoding=\"async\" alt=\"Android File App\" data-id=\"1398\" data-init-width=\"1080\" data-init-height=\"2340\" title=\"Android File App\" loading=\"lazy\" src=\"https:\/\/quild.net\/de\/wp-content\/uploads\/2020\/09\/Screenshot_20200921_144417_com.huawei.android.launcher.jpg\" data-width=\"204\" data-height=\"442\" width=\"204\" height=\"442\"><\/span><\/p>\n<h4>Schritt 5<\/h4>\n<p>Suche nach &#8222;quild&#8220; mittels Suchfunktion<\/p>\n<p><span><img decoding=\"async\" alt=\"Android File App\" data-id=\"1399\" data-init-width=\"1080\" data-init-height=\"2340\" title=\"Android File App\" loading=\"lazy\" src=\"https:\/\/quild.net\/de\/wp-content\/uploads\/2020\/09\/Screenshot_20200921_143543_com.huawei.hidisk.jpg\" data-width=\"203\" data-height=\"441\" width=\"203\" height=\"441\"><\/span><\/p>\n<h4>Schritt 6<\/h4>\n<p>Stelle sicher, dass Du das QUILD.axx im Suchresultat findest<\/p>\n<p><span><img decoding=\"async\" alt=\"Search File in Android\" data-id=\"1400\" data-init-width=\"1080\" data-init-height=\"2340\" title=\"Search File in Android\" loading=\"lazy\" src=\"https:\/\/quild.net\/de\/wp-content\/uploads\/2020\/09\/Screenshot_20200921_143518_com.huawei.hidisk.jpg\" data-width=\"203\" data-height=\"441\" style=\"\" width=\"203\" height=\"441\"><\/span><\/p>\n","protected":false},"excerpt":{"rendered":"<p>BEFOLGE DIEse SECHS SCHRITTE Zur Einrichtung von Quilds auf Android-Ger\u00e4ten befolge diese Schritte sorgf\u00e4ltig! Seit Android 5.0 verf\u00fcgt jedes Android-Telefon oder -Pad \u00fcber eine Datei-App. Leider ist es manchmal immer noch verwirrend, wo Android heruntergeladene Dateien speichert. Wir empfehlen Dir, die SUCHFUNKTION innerhalb der DATEIEN APP am Ende des Prozesses zu verwenden, um zu best\u00e4tigen, [&hellip;]<\/p>\n","protected":false},"author":2,"featured_media":0,"parent":0,"menu_order":0,"comment_status":"closed","ping_status":"closed","template":"","meta":{"_acf_changed":false,"footnotes":"","tve_updated_post":"<div class=\"thrv_wrapper thrv-page-section\" data-inherit-lp-settings=\"1\" style=\"\" data-css=\"tve-u-1747d5eda17\">\n<div class=\"tve-page-section-out\"><\/div>\n<div class=\"tve-page-section-in tve_empty_dropzone\" data-css=\"tve-u-1747d5eda1d\" style=\"\"><div class=\"thrv_wrapper thrv_text_element\" style=\"\"><p data-css=\"tve-u-1747d5eda08\" style=\"text-align: center;\"><strong>BEFOLGE DIEse SECHS SCHRITTE<\/strong><\/p><\/div><div class=\"thrv_wrapper thrv_text_element\" data-css=\"tve-u-1747d5eda09\" style=\"\"><h2 class=\"\" style=\"text-align: center;\">Zur Einrichtung von Quilds auf Android-Ger\u00e4ten befolge diese Schritte sorgf\u00e4ltig!<\/h2><\/div><div class=\"thrv_wrapper thrv_text_element\" style=\"\"><span data-css=\"tve-u-174b0a0fecf\" style=\"color:var(--tcb-color-4);\" class=\"\">Seit Android 5.0 verf\u00fcgt jedes Android-Telefon oder -Pad \u00fcber eine Datei-App. Leider ist es manchmal immer noch verwirrend, wo Android heruntergeladene Dateien speichert. <strong>Wir empfehlen Dir, die SUCHFUNKTION innerhalb der DATEIEN APP am Ende des Prozesses zu verwenden<\/strong>, um zu best\u00e4tigen, dass Du Dein Quild erfolgreich heruntergeladen hast.<\/span><p><br><\/p><p><strong>Abh\u00e4ngig von der Marke Deines Android-Telefons (Samsung, Oppo, Huawei, Google, Tecno, ...)<\/strong>\n<strong><span style=\"color: var(--tcb-color-3);\" data-css=\"tve-u-174b0a4d2c6\">die DATEIEN APP kann unterschiedlichen Namen wie \"Datei\", \"Datei Manager\", \"Meine Dateien\", \"Datei Explorer\" haben<\/span><\/strong>. Auch die folgenden Print-Screens werden je nach Marke etwas anders aussehen. F\u00fcr die Print-Screens habe ich ein Huawei Phone verwendet.<\/p><p><br><\/p><p><strong>2.&nbsp;<\/strong><strong><strong>Suche im Posteingang nach der Mail mit dem Betreff \"Dein Quild steht zum Herunterladen bereit\".<\/strong><\/strong><\/p><p><br><\/p><p><strong>3. Folge den unten beschriebenen Schritten.<\/strong><\/p><p><br><\/p><p style=\"font-size: 24px !important;\" data-css=\"tve-u-174b023290e\"><strong>HINWEIS: DU KANNST DIE QUILD-DATEI NICHT \u00d6FFNEN, NUR HERUNTERLADEN!!!<\/strong><\/p><div style=\"text-align: left;\" class=\"\">\t<\/div><\/div><\/div>\n<\/div><div class=\"thrv_wrapper thrv-page-section\" data-inherit-lp-settings=\"1\" style=\"\" data-css=\"tve-u-174b03322bc\">\n<div class=\"tve-page-section-out\" data-css=\"tve-u-174b0343ac6\"><\/div>\n<div class=\"tve-page-section-in tve_empty_dropzone\" data-css=\"tve-u-174b032fa69\" style=\"\"><div class=\"thrv_wrapper thrv_text_element\" style=\"\"><p data-css=\"tve-u-1747d5eda08\" style=\"text-align: center;\"><strong>QUILD HERUNTERLADEN<\/strong><\/p><\/div><div class=\"thrv_wrapper thrv_text_element\" data-css=\"tve-u-1747d5eda09\" style=\"\"><h2 class=\"\" style=\"text-align: center;\">Lade Dein Quild jetzt herunter, indem Du den roten Kreisen auf den Print-Screens folgst.<\/h2><\/div><div class=\"thrv_wrapper thrv-columns\" style=\"\" data-css=\"tve-u-1747d5eda0b\"><div class=\"tcb-flex-row tcb--cols--3\" style=\"\" data-css=\"tve-u-1747d5eda0c\"><div class=\"tcb-flex-col\" data-css=\"tve-u-1747d61bfc2\" style=\"\"><div class=\"tcb-col\" style=\"\"><div class=\"thrv_wrapper thrv_contentbox_shortcode thrv-content-box tve-elem-default-pad\" style=\"\" data-css=\"tve-u-1747d5eda19\">\n<div class=\"tve-content-box-background\" data-css=\"tve-u-1747d5eda16\" data-tcb_hover_state_parent=\"1\" style=\"\"><\/div>\n<div class=\"tve-cb\"><div class=\"thrv_wrapper thrv_text_element\" style=\"\" data-css=\"tve-u-1747d5eda10\"><h4 class=\"\" data-css=\"tve-u-1747d5eda0f\">Schritt 1<\/h4><\/div><div class=\"thrv_wrapper thrv_text_element\" style=\"\" data-css=\"tve-u-1747d695050\"><p>Klicke den <strong>Download-Link<\/strong> in der Mail<\/p><\/div><div class=\"thrv_wrapper tve_image_caption\" data-css=\"tve-u-1747d6168d3\" style=\"\"><span class=\"tve_image_frame\"><img class=\"tve_image wp-image-1403\" alt=\"Open Mail\" data-id=\"1403\" data-init-width=\"1080\" data-init-height=\"2340\" title=\"Open Mail\" loading=\"lazy\" src=\"https:\/\/quild.net\/de\/wp-content\/uploads\/2020\/09\/Screenshot_20200921_144706_com.google.android.gm_.jpg\" data-width=\"203\" data-height=\"441\" width=\"203\" height=\"441\"><\/span><\/div><\/div>\n<\/div><\/div><\/div><div class=\"tcb-flex-col\"><div class=\"tcb-col\"><div class=\"thrv_wrapper thrv_contentbox_shortcode thrv-content-box tve-elem-default-pad\" style=\"\" data-css=\"tve-u-1747d5eda1a\">\n<div class=\"tve-content-box-background\" data-css=\"tve-u-1747d5eda16\" data-tcb_hover_state_parent=\"1\" style=\"\"><\/div>\n<div class=\"tve-cb\"><div class=\"thrv_wrapper thrv_text_element\" style=\"\" data-css=\"tve-u-1747d5eda10\"><h4 class=\"\" data-css=\"tve-u-1747d5eda0f\">Schritt 2<\/h4><\/div><div class=\"thrv_wrapper thrv_text_element\" style=\"\" data-css=\"tve-u-1747d6968df\"><p>Suche die <strong>Download-Funktion<\/strong><\/p><\/div><div class=\"thrv_wrapper tve_image_caption\" data-css=\"tve-u-1747d6168d3\" style=\"\"><span class=\"tve_image_frame\"><img class=\"tve_image wp-image-1402\" alt=\"Look for Download\" data-id=\"1402\" data-init-width=\"1080\" data-init-height=\"2340\" title=\"Look for Download\" loading=\"lazy\" src=\"https:\/\/quild.net\/de\/wp-content\/uploads\/2020\/09\/Screenshot_20200921_144735_com.google.android.apps_.docs_.jpg\" data-width=\"203\" data-height=\"441\" width=\"203\" height=\"441\"><\/span><\/div><\/div>\n<\/div><\/div><\/div><div class=\"tcb-flex-col\" data-css=\"tve-u-1747d65259b\" style=\"\"><div class=\"tcb-col\"><div class=\"thrv_wrapper thrv_contentbox_shortcode thrv-content-box tve-elem-default-pad\" style=\"\" data-css=\"tve-u-1747d5eda1c\">\n<div class=\"tve-content-box-background\" data-css=\"tve-u-1747d5eda16\" data-tcb_hover_state_parent=\"1\" style=\"\"><\/div>\n<div class=\"tve-cb\"><div class=\"thrv_wrapper thrv_text_element\" style=\"\" data-css=\"tve-u-1747d5eda10\"><h4 class=\"\" data-css=\"tve-u-1747d5eda0f\">Schritt 3<\/h4><\/div><div class=\"thrv_wrapper thrv_text_element\" style=\"\" data-css=\"tve-u-1747d6977f5\"><p>Klicke <strong>Herunterladen <\/strong>im Men\u00fc<\/p><\/div><div class=\"thrv_wrapper tve_image_caption\" data-css=\"tve-u-1747d6168d3\" style=\"\"><span class=\"tve_image_frame\"><img class=\"tve_image wp-image-1401\" alt=\"Choose Download\" data-id=\"1401\" data-init-width=\"1080\" data-init-height=\"2340\" title=\"Choose Download\" loading=\"lazy\" src=\"https:\/\/quild.net\/de\/wp-content\/uploads\/2020\/09\/Screenshot_20200921_144802_com.google.android.apps_.docs_.jpg\" data-width=\"203\" data-height=\"441\" width=\"203\" height=\"441\"><\/span><\/div><div class=\"thrv_wrapper thrv_text_element\" style=\"\" data-css=\"tve-u-1747d6977f5\"><p style=\"\" data-css=\"tve-u-174b0883d04\"><strong>You will see a short confirmation box for the download.<\/strong><br><\/p><\/div><\/div>\n<\/div><\/div><\/div><\/div><\/div><\/div>\n<\/div><div class=\"thrv_wrapper thrv-page-section\" data-inherit-lp-settings=\"1\" style=\"\" data-css=\"tve-u-174b03322bc\">\n<div class=\"tve-page-section-out\" data-css=\"tve-u-174b0343ac6\"><\/div>\n<div class=\"tve-page-section-in tve_empty_dropzone\" data-css=\"tve-u-174b04a6db3\" style=\"\"><div class=\"thrv_wrapper thrv_text_element\" style=\"\"><p data-css=\"tve-u-1747d5eda08\" style=\"text-align: center;\"><strong>BEST\u00c4TIGE QUILD MIT DATEI-MANAGER<\/strong><\/p><\/div><div class=\"thrv_wrapper thrv_text_element\" data-css=\"tve-u-1747d5eda09\" style=\"\"><h2 class=\"\" style=\"text-align: center;\"><span style=\"color: var(--tcb-color-3);\" data-css=\"tve-u-174e87f89ff\">Suche nach \"quild\" <\/span><span data-css=\"tve-u-174b041b85b\" style=\"color: var(--tcb-skin-color-3);\">innerhalb deiner Datei-Manager-App<\/span><\/h2><\/div><div class=\"thrv_wrapper thrv_text_element\" style=\"\" data-css=\"tve-u-174b08d98bc\">\t<p style=\"text-align: center;\">Je nach Android Telefon Marke (Samsung, Huawei, Google, Oppo, ...), kann die Datei Manager App unterschiedlich heissen!&nbsp;<strong>Datei<\/strong>, <strong>Meine Dateien<\/strong>, <strong>Datei Manager<\/strong>.&nbsp;<\/p><\/div><div class=\"thrv_wrapper thrv-columns\" style=\"\" data-css=\"tve-u-1747d5eda0b\"><div class=\"tcb-flex-row tcb--cols--3\" style=\"\" data-css=\"tve-u-1747d5eda0c\"><div class=\"tcb-flex-col\" data-css=\"tve-u-1747d61bfc2\" style=\"\"><div class=\"tcb-col\" style=\"\"><div class=\"thrv_wrapper thrv_contentbox_shortcode thrv-content-box tve-elem-default-pad\" style=\"\" data-css=\"tve-u-1747d5eda19\">\n<div class=\"tve-content-box-background\" data-css=\"tve-u-1747d5eda16\" data-tcb_hover_state_parent=\"1\" style=\"\"><\/div>\n<div class=\"tve-cb\"><div class=\"thrv_wrapper thrv_text_element\" style=\"\" data-css=\"tve-u-1747d5eda10\"><h4 class=\"\" data-css=\"tve-u-1747d5eda0f\">Schritt 4<\/h4><\/div><div class=\"thrv_wrapper thrv_text_element\" style=\"\" data-css=\"tve-u-1747d695050\"><p>\u00d6ffne die Dateien App mit einem Klick<\/p><\/div><div class=\"thrv_wrapper tve_image_caption\" data-css=\"tve-u-1747d6168d3\" style=\"\"><span class=\"tve_image_frame\"><img class=\"tve_image wp-image-1398\" alt=\"Android File App\" data-id=\"1398\" data-init-width=\"1080\" data-init-height=\"2340\" title=\"Android File App\" loading=\"lazy\" src=\"https:\/\/quild.net\/de\/wp-content\/uploads\/2020\/09\/Screenshot_20200921_144417_com.huawei.android.launcher.jpg\" data-width=\"204\" data-height=\"442\" width=\"204\" height=\"442\"><\/span><\/div><\/div>\n<\/div><\/div><\/div><div class=\"tcb-flex-col\" data-css=\"tve-u-1747d65259b\" style=\"\"><div class=\"tcb-col\"><div class=\"thrv_wrapper thrv_contentbox_shortcode thrv-content-box tve-elem-default-pad\" style=\"\" data-css=\"tve-u-1747d5eda19\">\n<div class=\"tve-content-box-background\" data-css=\"tve-u-1747d5eda16\" data-tcb_hover_state_parent=\"1\" style=\"\"><\/div>\n<div class=\"tve-cb\"><div class=\"thrv_wrapper thrv_text_element\" style=\"\" data-css=\"tve-u-1747d5eda10\"><h4 class=\"\" data-css=\"tve-u-1747d5eda0f\">Schritt 5<\/h4><\/div><div class=\"thrv_wrapper thrv_text_element\" style=\"\" data-css=\"tve-u-1747d695050\"><p>Suche nach \"quild\" mittels Suchfunktion<\/p><\/div><div class=\"thrv_wrapper tve_image_caption\" data-css=\"tve-u-1747d6168d3\" style=\"\"><span class=\"tve_image_frame\"><img class=\"tve_image wp-image-1399\" alt=\"Android File App\" data-id=\"1399\" data-init-width=\"1080\" data-init-height=\"2340\" title=\"Android File App\" loading=\"lazy\" src=\"https:\/\/quild.net\/de\/wp-content\/uploads\/2020\/09\/Screenshot_20200921_143543_com.huawei.hidisk.jpg\" data-width=\"203\" data-height=\"441\" width=\"203\" height=\"441\"><\/span><\/div><\/div>\n<\/div><\/div><\/div><div class=\"tcb-flex-col\"><div class=\"tcb-col\"><div class=\"thrv_wrapper thrv_contentbox_shortcode thrv-content-box tve-elem-default-pad\" style=\"\" data-css=\"tve-u-1747d5eda19\">\n<div class=\"tve-content-box-background\" data-css=\"tve-u-1747d5eda16\" data-tcb_hover_state_parent=\"1\" style=\"\"><\/div>\n<div class=\"tve-cb\"><div class=\"thrv_wrapper thrv_text_element\" style=\"\" data-css=\"tve-u-1747d5eda10\"><h4 class=\"\" data-css=\"tve-u-1747d5eda0f\">Schritt 6<\/h4><\/div><div class=\"thrv_wrapper thrv_text_element\" style=\"\" data-css=\"tve-u-1747d695050\"><p>Stelle sicher, dass Du das QUILD.axx im Suchresultat findest<\/p><\/div><div class=\"thrv_wrapper tve_image_caption\" data-css=\"tve-u-1747d6168d3\" style=\"\"><span class=\"tve_image_frame\"><img class=\"tve_image wp-image-1400\" alt=\"Search File in Android\" data-id=\"1400\" data-init-width=\"1080\" data-init-height=\"2340\" title=\"Search File in Android\" loading=\"lazy\" src=\"https:\/\/quild.net\/de\/wp-content\/uploads\/2020\/09\/Screenshot_20200921_143518_com.huawei.hidisk.jpg\" data-width=\"203\" data-height=\"441\" style=\"\" data-css=\"tve-u-174b08a528c\" width=\"203\" height=\"441\"><\/span><\/div><\/div>\n<\/div><\/div><\/div><\/div><\/div><\/div>\n<\/div>","tve_custom_css":"@media (min-width: 300px){:not(#tve) [data-css=\"tve-u-1747d5eda08\"] { text-transform: uppercase !important; color: rgb(16, 231, 220) !important; --tcb-applied-color:var$(--tcb-skin-color-0)  !important; font-size: 16px !important; }[data-css=\"tve-u-1747d5eda09\"] { max-width: 80%; float: none; margin-left: auto !important; margin-right: auto !important; margin-bottom: 60px !important; }[data-css=\"tve-u-1747d5eda0b\"] { margin-top: 0px !important; }[data-css=\"tve-u-1747d5eda0c\"] { padding-top: 0px !important; padding-bottom: 0px !important; }:not(#tve) [data-css=\"tve-u-1747d5eda0f\"] { padding-bottom: 0px !important; margin-bottom: 0px !important; }[data-css=\"tve-u-1747d5eda10\"] { margin-bottom: 20px !important; }[data-css=\"tve-u-1747d5eda16\"] { border-radius: 5px; overflow: hidden; }[data-css=\"tve-u-1747d5eda17\"] { padding: 0px 40px 40px !important; }[data-css=\"tve-u-1747d5eda19\"] { margin: 0px 30px !important; padding: 30px !important; }:not(#tve) [data-css=\"tve-u-1747d5eda19\"]:hover [data-css=\"tve-u-1747d5eda16\"] { background-color: rgb(213, 246, 242) !important; }[data-css=\"tve-u-1747d5eda1a\"] { margin: 0px 30px !important; padding: 30px !important; }:not(#tve) [data-css=\"tve-u-1747d5eda1a\"]:hover [data-css=\"tve-u-1747d5eda16\"] { background-color: rgb(213, 246, 242) !important; }[data-css=\"tve-u-1747d5eda1c\"] { top: 0px; margin: 0px 30px !important; padding: 30px !important; }:not(#tve) [data-css=\"tve-u-1747d5eda1c\"]:hover [data-css=\"tve-u-1747d5eda16\"] { background-color: rgb(213, 246, 242) !important; }[data-css=\"tve-u-1747d5eda1d\"] { max-width: 1360px; text-align: left; }[data-css=\"tve-u-1747d5eda1d\"] h1 { padding: 0px !important; margin: 0px !important; }[data-css=\"tve-u-1747d5eda1d\"] p { padding: 0px !important; margin: 0px !important; }[data-css=\"tve-u-1747d5eda1d\"] h2 { padding: 0px !important; margin: 0px !important; }[data-css=\"tve-u-1747d5eda1d\"] h3 { padding: 0px !important; margin: 0px !important; }[data-css=\"tve-u-1747d6168d3\"] { width: 204px; float: none; margin-left: auto !important; margin-right: auto !important; }[data-css=\"tve-u-1747d695050\"] { margin-top: -15px !important; }[data-css=\"tve-u-1747d6968df\"] { margin-top: -15px !important; }[data-css=\"tve-u-1747d6977f5\"] { margin-top: -15px !important; }:not(#tve) [data-css=\"tve-u-174b023290e\"] { color: var(--tcb-color-3)  !important; --tcb-applied-color:var$(--tcb-color-3)  !important; --tve-applied-color:var$(--tcb-color-3)  !important; }[data-css=\"tve-u-174b032fa69\"] { max-width: 1360px; text-align: left; }[data-css=\"tve-u-174b032fa69\"] h1 { padding: 0px !important; margin: 0px !important; }[data-css=\"tve-u-174b032fa69\"] p { padding: 0px !important; margin: 0px !important; }[data-css=\"tve-u-174b032fa69\"] h2 { padding: 0px !important; margin: 0px !important; }[data-css=\"tve-u-174b032fa69\"] h3 { padding: 0px !important; margin: 0px !important; }[data-css=\"tve-u-174b03322bc\"] { padding: 0px 40px 40px !important; margin-top: 40px !important; }[data-css=\"tve-u-174b041b85b\"] { color: var(--tcb-skin-color-3)  !important; }[data-css=\"tve-u-174b04a6db3\"] { max-width: 1360px; text-align: left; }[data-css=\"tve-u-174b04a6db3\"] h1 { padding: 0px !important; margin: 0px !important; }[data-css=\"tve-u-174b04a6db3\"] p { padding: 0px !important; margin: 0px !important; }[data-css=\"tve-u-174b04a6db3\"] h2 { padding: 0px !important; margin: 0px !important; }[data-css=\"tve-u-174b04a6db3\"] h3 { padding: 0px !important; margin: 0px !important; }:not(#tve) [data-css=\"tve-u-174b0883d04\"] { color: var(--tcb-color-3)  !important; --tcb-applied-color:var$(--tcb-color-3)  !important; --tve-applied-color:var$(--tcb-color-3)  !important; }[data-css=\"tve-u-174b08d98bc\"] { max-width: 80%; float: none; margin-left: auto !important; margin-right: auto !important; margin-top: -29px !important; }[data-css=\"tve-u-174b0a0fecf\"] { color: var(--tcb-color-4)  !important; }[data-css=\"tve-u-174b0a4d2c6\"] { color: var(--tcb-color-3)  !important; }[data-css=\"tve-u-174e87f89ff\"] { color: var(--tcb-color-3)  !important; }}@media (max-width: 1023px){[data-css=\"tve-u-1747d5eda09\"] { max-width: 80%; }[data-css=\"tve-u-1747d5eda17\"] { padding-top: 40px !important; padding-bottom: 40px !important; }[data-css=\"tve-u-1747d5eda19\"] { padding: 20px !important; margin-right: 20px !important; margin-left: 20px !important; }[data-css=\"tve-u-1747d5eda1a\"] { padding: 20px !important; margin-right: 20px !important; margin-left: 20px !important; }[data-css=\"tve-u-1747d5eda1c\"] { padding: 20px !important; margin-top: 0px !important; margin-right: 20px !important; margin-left: 20px !important; }[data-css=\"tve-u-174b03322bc\"] { padding-top: 40px !important; padding-bottom: 40px !important; }}@media (max-width: 767px){[data-css=\"tve-u-1747d5eda17\"] { padding: 20px !important; }[data-css=\"tve-u-1747d5eda19\"] { margin-left: 0px !important; margin-right: 0px !important; }[data-css=\"tve-u-1747d5eda1a\"] { margin-left: 0px !important; margin-right: 0px !important; margin-top: 20px !important; }[data-css=\"tve-u-1747d5eda1c\"] { margin-left: 0px !important; margin-right: 0px !important; margin-top: 20px !important; }[data-css=\"tve-u-174b03322bc\"] { padding: 20px !important; }}","tve_user_custom_css":"","tve_globals":{"e":"1","font_cls":[]},"tcb2_ready":1,"tcb_editor_enabled":1,"tve_landing_page":"","_tve_header":"0","_tve_footer":"0"},"class_list":["post-1395","page","type-page","status-publish","hentry","post-wrapper","thrv_wrapper"],"acf":[],"_links":{"self":[{"href":"https:\/\/quild.net\/de\/wp-json\/wp\/v2\/pages\/1395","targetHints":{"allow":["GET"]}}],"collection":[{"href":"https:\/\/quild.net\/de\/wp-json\/wp\/v2\/pages"}],"about":[{"href":"https:\/\/quild.net\/de\/wp-json\/wp\/v2\/types\/page"}],"author":[{"embeddable":true,"href":"https:\/\/quild.net\/de\/wp-json\/wp\/v2\/users\/2"}],"replies":[{"embeddable":true,"href":"https:\/\/quild.net\/de\/wp-json\/wp\/v2\/comments?post=1395"}],"version-history":[{"count":0,"href":"https:\/\/quild.net\/de\/wp-json\/wp\/v2\/pages\/1395\/revisions"}],"wp:attachment":[{"href":"https:\/\/quild.net\/de\/wp-json\/wp\/v2\/media?parent=1395"}],"curies":[{"name":"wp","href":"https:\/\/api.w.org\/{rel}","templated":true}]}}