{"id":1218,"date":"2020-09-11T07:40:06","date_gmt":"2020-09-11T07:40:06","guid":{"rendered":"https:\/\/quild.net\/?page_id=1218"},"modified":"2021-05-24T11:45:34","modified_gmt":"2021-05-24T09:45:34","slug":"iphone-download","status":"publish","type":"page","link":"https:\/\/quild.net\/de\/iphone-download\/","title":{"rendered":"Anleitung zum DOWNLOAD von Quild&#8217;s auf iPhone oder iPad"},"content":{"rendered":"<p style=\"text-align: center;\"><b>anleitung F\u00dcR&nbsp;erfahrene Anwender<\/b><\/p>\n<h2 style=\"text-align: center;\">Die Speicherung von Quilds auf iPhone \/ iPad Ger\u00e4ten vor iOS 11 kann tricky sein.<\/h2>\n<p><strong><span style=\"color: var(--tcb-color-3);\">Wir schlagen dieses Verfahren vor allem f\u00fcr erfahrene Anwender vor!&nbsp;<\/span><\/strong><span style=\"color: var(--tcb-skin-color-5);\">Die native Files-App auf iPhone und iPad befriedigt die meisten iOS-Benutzer sicher nicht. Der Grund daf\u00fcr ist, dass Apple den Benutzern keinen Zugriff auf das interne Dateisystem erlaubt. <\/span><strong><span style=\"color: var(--tcb-skin-color-5);\">Um zu best\u00e4tigen, dass Ihr Quild korrekt heruntergeladen wurde, ben\u00f6tigen Sie einen Dateimanager eines Drittanbieters aus dem App Store.<\/span><\/strong><\/p>\n<p><strong>1. Lade die kostenlose File Hub App aus dem App Store herunter und installiere sie. Auch andere File Manager Apps k\u00f6nnen genutzt werden!<\/strong><\/p>\n<p>File Hub ist ein gro\u00dfartiger Dateimanager f\u00fcr iPhones und iPads. Die App bietet eine Vielzahl von Funktionen, wie z.B. die M\u00f6glichkeit, Ordner zu erstellen, um Dateien zu organisieren. Die App erm\u00f6glicht es Dir auch, Dateien von Deinem iPhone auf einen Mac oder PC per WiFi- oder Bluetooth-\u00dcbertragung auszutauschen. <strong>Dies kann Dir helfen, Dein Quild auf Deinem Flash-Laufwerk zu speichern.<\/strong><\/p>\n<p><strong>2. <\/strong><strong><strong>Suche im Posteingang nach der Mail mit dem Betreff &#8222;Dein Quild steht zum Herunterladen bereit&#8220;.<\/strong><\/strong><\/p>\n<p><strong>3. Folge den unten beschriebenen Schritten.<\/strong><\/p>\n<p style=\"font-size: 24px !important;\"><strong><strong>HINWEIS: DU KANNST DIE QUILD-DATEI NICHT \u00d6FFNEN, NUR HERUNTERLADEN!!!<\/strong><\/strong><\/p>\n<p style=\"text-align: center;\"><strong>Folge den Schritten<\/strong><\/p>\n<h2 style=\"text-align: center;\">Lade Dein Quild jetzt herunter, indem Du den roten Kreisen auf den Print-Screens folgst.<\/h2>\n<h4>Schritt 1<\/h4>\n<p>Klick auf Download Link<\/p>\n<p><span><img decoding=\"async\" alt=\"IPhone Step 1\" data-id=\"1239\" data-init-width=\"204\" data-init-height=\"434\" title=\"IPhone Step 1\" loading=\"lazy\" src=\"https:\/\/quild.net\/de\/wp-content\/uploads\/2020\/09\/iphone1.jpg\" data-width=\"204\" data-height=\"434\" width=\"204\" height=\"434\"><\/span><\/p>\n<h4>Schritt 2<\/h4>\n<p>Klicke auf Dokument<\/p>\n<p><span><img decoding=\"async\" alt=\"IPhone Step 2\" data-id=\"1240\" data-init-width=\"205\" data-init-height=\"433\" title=\"IPhone Step 2\" loading=\"lazy\" src=\"https:\/\/quild.net\/de\/wp-content\/uploads\/2020\/09\/iphone2.jpg\" data-width=\"203\" data-height=\"429\" width=\"203\" height=\"429\"><\/span><\/p>\n<h4>Schritt 3<\/h4>\n<p>Klicke Download<\/p>\n<p><span><img decoding=\"async\" alt=\"IPhone Step 3\" data-id=\"1241\" data-init-width=\"205\" data-init-height=\"433\" title=\"IPhone Step 3\" loading=\"lazy\" src=\"https:\/\/quild.net\/de\/wp-content\/uploads\/2020\/09\/iphone3.jpg\" data-width=\"203\" data-height=\"429\" width=\"203\" height=\"429\"><\/span><\/p>\n<h4>Schritt 4<\/h4>\n<p>Klicke Download<\/p>\n<p><span><img decoding=\"async\" alt=\"IPhone Step 4\" data-id=\"1242\" data-init-width=\"205\" data-init-height=\"435\" title=\"IPhone Step 4\" loading=\"lazy\" src=\"https:\/\/quild.net\/de\/wp-content\/uploads\/2020\/09\/iphone4.jpg\" data-width=\"203\" data-height=\"431\" width=\"203\" height=\"431\"><\/span><\/p>\n<p style=\"text-align: center;\"><b>BEST\u00c4TIGE QUILD Auf GER\u00c4T&nbsp;MIT DATEI-MANAGER<\/b><\/p>\n<h2 style=\"text-align: center;\"><span>Suche nach &#8222;quild&#8220;&nbsp;<\/span><span>innerhalb deiner Datei-Manager-App<\/span><\/h2>\n<h4>In iOS 11 oder h\u00f6her, finde Quild in Files App<\/h4>\n<p>Du solltest die Quild-Datei so sehen<\/p>\n<p><span><img decoding=\"async\" alt=\"IPhone Step 5\" data-id=\"1243\" data-init-width=\"205\" data-init-height=\"435\" title=\"IPhone Step 5\" loading=\"lazy\" src=\"https:\/\/quild.net\/de\/wp-content\/uploads\/2020\/09\/iphone5.jpg\" data-width=\"203\" data-height=\"431\" width=\"203\" height=\"431\"><\/span><\/p>\n<h4>Wenn Du die <span>File Hub App nutzt<\/span><\/h4>\n<p>Suche nach &#8222;quild&#8220; oder pr\u00fcfe den Download-Ordner<\/p>\n<p><span><img decoding=\"async\" alt=\"File Hub App (iPhone)\" data-id=\"1387\" data-init-width=\"320\" data-init-height=\"684\" title=\"File Hub App (iPhone)\" loading=\"lazy\" src=\"https:\/\/quild.net\/de\/wp-content\/uploads\/2020\/09\/FileHubRed.jpg\" data-width=\"204\" data-height=\"436\" width=\"204\" height=\"436\"><\/span><\/p>\n","protected":false},"excerpt":{"rendered":"<p>anleitung F\u00dcR&nbsp;erfahrene Anwender Die Speicherung von Quilds auf iPhone \/ iPad Ger\u00e4ten vor iOS 11 kann tricky sein. Wir schlagen dieses Verfahren vor allem f\u00fcr erfahrene Anwender vor!&nbsp;Die native Files-App auf iPhone und iPad befriedigt die meisten iOS-Benutzer sicher nicht. Der Grund daf\u00fcr ist, dass Apple den Benutzern keinen Zugriff auf das interne Dateisystem erlaubt. [&hellip;]<\/p>\n","protected":false},"author":2,"featured_media":0,"parent":0,"menu_order":0,"comment_status":"closed","ping_status":"closed","template":"","meta":{"_acf_changed":false,"footnotes":"","tve_updated_post":"<div class=\"thrv_wrapper thrv-page-section\" data-inherit-lp-settings=\"1\" style=\"\" data-css=\"tve-u-1747d5eda17\">\n<div class=\"tve-page-section-out\"><\/div>\n<div class=\"tve-page-section-in tve_empty_dropzone\" data-css=\"tve-u-1747d5eda1d\" style=\"\"><div class=\"thrv_wrapper thrv_text_element\" style=\"\"><p data-css=\"tve-u-1747d5eda08\" style=\"text-align: center;\"><b>anleitung F\u00dcR&nbsp;erfahrene Anwender<\/b><\/p><\/div><div class=\"thrv_wrapper thrv_text_element\" data-css=\"tve-u-1747d5eda09\" style=\"\"><h2 class=\"\" style=\"text-align: center;\">Die Speicherung von Quilds auf iPhone \/ iPad Ger\u00e4ten vor iOS 11 kann tricky sein.<\/h2><\/div><div class=\"thrv_wrapper thrv_text_element\"><strong class=\"\"><span style=\"color: var(--tcb-color-3);\" data-css=\"tve-u-174e91d940b\">Wir schlagen dieses Verfahren vor allem f\u00fcr erfahrene Anwender vor!&nbsp;<\/span><\/strong><span data-css=\"tve-u-174b017dfd0\" style=\"color: var(--tcb-skin-color-5);\">Die native Files-App auf iPhone und iPad befriedigt die meisten iOS-Benutzer sicher nicht. Der Grund daf\u00fcr ist, dass Apple den Benutzern keinen Zugriff auf das interne Dateisystem erlaubt. <\/span><strong class=\"\"><span data-css=\"tve-u-174b017dfd0\" style=\"color: var(--tcb-skin-color-5);\">Um zu best\u00e4tigen, dass Ihr Quild korrekt heruntergeladen wurde, ben\u00f6tigen Sie einen Dateimanager eines Drittanbieters aus dem App Store.<\/span><\/strong><br class=\"\"><p><br><\/p><p><strong>1. Lade die kostenlose File Hub App aus dem App Store herunter und installiere sie. Auch andere File Manager Apps k\u00f6nnen genutzt werden!<\/strong><\/p><p>File Hub ist ein gro\u00dfartiger Dateimanager f\u00fcr iPhones und iPads. Die App bietet eine Vielzahl von Funktionen, wie z.B. die M\u00f6glichkeit, Ordner zu erstellen, um Dateien zu organisieren. Die App erm\u00f6glicht es Dir auch, Dateien von Deinem iPhone auf einen Mac oder PC per WiFi- oder Bluetooth-\u00dcbertragung auszutauschen. <strong>Dies kann Dir helfen, Dein Quild auf Deinem Flash-Laufwerk zu speichern.<\/strong><br><br><\/p><p><strong>2. <\/strong><strong><strong>Suche im Posteingang nach der Mail mit dem Betreff \"Dein Quild steht zum Herunterladen bereit\".<\/strong><\/strong><\/p><p><br><\/p><p><strong>3. Folge den unten beschriebenen Schritten.<\/strong><\/p><p><br><\/p><p style=\"font-size: 24px !important;\" data-css=\"tve-u-174b023290e\"><strong><strong>HINWEIS: DU KANNST DIE QUILD-DATEI NICHT \u00d6FFNEN, NUR HERUNTERLADEN!!!<\/strong><\/strong><\/p><div style=\"text-align: left;\" class=\"\">\t<\/div><\/div><\/div>\n<\/div><div class=\"thrv_wrapper thrv-page-section\" data-inherit-lp-settings=\"1\" style=\"\" data-css=\"tve-u-174b03322bc\">\n<div class=\"tve-page-section-out\" data-css=\"tve-u-174b0343ac6\"><\/div>\n<div class=\"tve-page-section-in tve_empty_dropzone\" data-css=\"tve-u-174b032fa69\" style=\"\"><div class=\"thrv_wrapper thrv_text_element\" style=\"\"><p data-css=\"tve-u-1747d5eda08\" style=\"text-align: center;\"><strong>Folge den Schritten<\/strong><\/p><\/div><div class=\"thrv_wrapper thrv_text_element\" data-css=\"tve-u-1747d5eda09\" style=\"\"><h2 style=\"text-align: center;\">Lade Dein Quild jetzt herunter, indem Du den roten Kreisen auf den Print-Screens folgst.<\/h2><\/div><div class=\"thrv_wrapper thrv-columns\" style=\"\" data-css=\"tve-u-1747d5eda0b\"><div class=\"tcb-flex-row tcb--cols--3\" style=\"\" data-css=\"tve-u-1747d5eda0c\"><div class=\"tcb-flex-col\" data-css=\"tve-u-1747d61bfc2\" style=\"\"><div class=\"tcb-col\" style=\"\"><div class=\"thrv_wrapper thrv_contentbox_shortcode thrv-content-box tve-elem-default-pad\" style=\"\" data-css=\"tve-u-1747d5eda19\">\n<div class=\"tve-content-box-background\" data-css=\"tve-u-1747d5eda16\" data-tcb_hover_state_parent=\"1\" style=\"\"><\/div>\n<div class=\"tve-cb\"><div class=\"thrv_wrapper thrv_text_element\" style=\"\" data-css=\"tve-u-1747d5eda10\"><h4 class=\"\" data-css=\"tve-u-1747d5eda0f\">Schritt 1<\/h4><\/div><div class=\"thrv_wrapper thrv_text_element\" style=\"\" data-css=\"tve-u-1747d695050\"><p>Klick auf Download Link<\/p><\/div><div class=\"thrv_wrapper tve_image_caption\" data-css=\"tve-u-1747d6168d3\" style=\"\"><span class=\"tve_image_frame\"><img class=\"tve_image wp-image-1239\" alt=\"IPhone Step 1\" data-id=\"1239\" data-init-width=\"204\" data-init-height=\"434\" title=\"IPhone Step 1\" loading=\"lazy\" src=\"https:\/\/quild.net\/de\/wp-content\/uploads\/2020\/09\/iphone1.jpg\" data-width=\"204\" data-height=\"434\" width=\"204\" height=\"434\"><\/span><\/div><\/div>\n<\/div><\/div><\/div><div class=\"tcb-flex-col\"><div class=\"tcb-col\"><div class=\"thrv_wrapper thrv_contentbox_shortcode thrv-content-box tve-elem-default-pad\" style=\"\" data-css=\"tve-u-1747d5eda1a\">\n<div class=\"tve-content-box-background\" data-css=\"tve-u-1747d5eda16\" data-tcb_hover_state_parent=\"1\" style=\"\"><\/div>\n<div class=\"tve-cb\"><div class=\"thrv_wrapper thrv_text_element\" style=\"\" data-css=\"tve-u-1747d5eda10\"><h4 class=\"\" data-css=\"tve-u-1747d5eda0f\">Schritt 2<\/h4><\/div><div class=\"thrv_wrapper thrv_text_element\" style=\"\" data-css=\"tve-u-1747d6968df\"><p>Klicke auf Dokument<\/p><\/div><div class=\"thrv_wrapper tve_image_caption\" data-css=\"tve-u-1747d6168d3\" style=\"\"><span class=\"tve_image_frame\"><img class=\"tve_image wp-image-1240\" alt=\"IPhone Step 2\" data-id=\"1240\" data-init-width=\"205\" data-init-height=\"433\" title=\"IPhone Step 2\" loading=\"lazy\" src=\"https:\/\/quild.net\/de\/wp-content\/uploads\/2020\/09\/iphone2.jpg\" data-width=\"203\" data-height=\"429\" width=\"203\" height=\"429\"><\/span><\/div><\/div>\n<\/div><\/div><\/div><div class=\"tcb-flex-col\" data-css=\"tve-u-1747d65259b\" style=\"\"><div class=\"tcb-col\"><div class=\"thrv_wrapper thrv_contentbox_shortcode thrv-content-box tve-elem-default-pad\" style=\"\" data-css=\"tve-u-1747d5eda1c\">\n<div class=\"tve-content-box-background\" data-css=\"tve-u-1747d5eda16\" data-tcb_hover_state_parent=\"1\" style=\"\"><\/div>\n<div class=\"tve-cb\"><div class=\"thrv_wrapper thrv_text_element\" style=\"\" data-css=\"tve-u-1747d5eda10\"><h4 class=\"\" data-css=\"tve-u-1747d5eda0f\">Schritt 3<\/h4><\/div><div class=\"thrv_wrapper thrv_text_element\" style=\"\" data-css=\"tve-u-1747d6977f5\"><p>Klicke Download<\/p><\/div><div class=\"thrv_wrapper tve_image_caption\" data-css=\"tve-u-1747d6168d3\" style=\"\"><span class=\"tve_image_frame\"><img class=\"tve_image wp-image-1241\" alt=\"IPhone Step 3\" data-id=\"1241\" data-init-width=\"205\" data-init-height=\"433\" title=\"IPhone Step 3\" loading=\"lazy\" src=\"https:\/\/quild.net\/de\/wp-content\/uploads\/2020\/09\/iphone3.jpg\" data-width=\"203\" data-height=\"429\" width=\"203\" height=\"429\"><\/span><\/div><\/div>\n<\/div><\/div><\/div><\/div><\/div><div class=\"thrv_wrapper thrv-columns\" style=\"\" data-css=\"tve-u-1747d5eda0b\"><div class=\"tcb-flex-row tcb--cols--3\" style=\"\" data-css=\"tve-u-1747d5eda0c\"><div class=\"tcb-flex-col\" data-css=\"tve-u-1747d61bfc2\" style=\"\"><div class=\"tcb-col\" style=\"\"><div class=\"thrv_wrapper thrv_contentbox_shortcode thrv-content-box tve-elem-default-pad\" style=\"\" data-css=\"tve-u-1747d5eda19\">\n<div class=\"tve-content-box-background\" data-css=\"tve-u-1747d5eda16\" data-tcb_hover_state_parent=\"1\" style=\"\"><\/div>\n<div class=\"tve-cb\"><div class=\"thrv_wrapper thrv_text_element\" style=\"\" data-css=\"tve-u-1747d5eda10\"><h4 class=\"\" data-css=\"tve-u-1747d5eda0f\">Schritt 4<\/h4><\/div><div class=\"thrv_wrapper thrv_text_element\" style=\"\" data-css=\"tve-u-1747d698b38\"><p>Klicke Download<\/p><\/div><div class=\"thrv_wrapper tve_image_caption\" data-css=\"tve-u-1747d6168d3\" style=\"\"><span class=\"tve_image_frame\"><img class=\"tve_image wp-image-1242\" alt=\"IPhone Step 4\" data-id=\"1242\" data-init-width=\"205\" data-init-height=\"435\" title=\"IPhone Step 4\" loading=\"lazy\" src=\"https:\/\/quild.net\/de\/wp-content\/uploads\/2020\/09\/iphone4.jpg\" data-width=\"203\" data-height=\"431\" width=\"203\" height=\"431\"><\/span><\/div><\/div>\n<\/div><\/div><\/div><div class=\"tcb-flex-col\"><div class=\"tcb-col\"><\/div><\/div><div class=\"tcb-flex-col\" data-css=\"tve-u-1747d65259b\" style=\"\"><div class=\"tcb-col\"><\/div><\/div><\/div><\/div><\/div>\n<\/div><div class=\"thrv_wrapper thrv-page-section\" data-inherit-lp-settings=\"1\" style=\"\" data-css=\"tve-u-174b03322bc\">\n<div class=\"tve-page-section-out\" data-css=\"tve-u-174b0343ac6\"><\/div>\n<div class=\"tve-page-section-in tve_empty_dropzone\" data-css=\"tve-u-174b04a6db3\" style=\"\"><div class=\"thrv_wrapper thrv_text_element\" style=\"\"><p data-css=\"tve-u-1747d5eda08\" style=\"text-align: center;\"><b>BEST\u00c4TIGE QUILD Auf GER\u00c4T&nbsp;MIT DATEI-MANAGER<\/b><\/p><\/div><div class=\"thrv_wrapper thrv_text_element\" data-css=\"tve-u-1747d5eda09\" style=\"\"><h2 style=\"text-align: center;\"><span data-css=\"tve-u-174e87f89ff\">Suche nach \"quild\"&nbsp;<\/span><span data-css=\"tve-u-174b041b85b\">innerhalb deiner Datei-Manager-App<\/span><\/h2><\/div><div class=\"thrv_wrapper thrv-columns\" style=\"\" data-css=\"tve-u-1747d5eda0b\"><div class=\"tcb-flex-row tcb--cols--2\" style=\"\" data-css=\"tve-u-1747d5eda0c\"><div class=\"tcb-flex-col\" data-css=\"tve-u-1747d61bfc2\" style=\"\"><div class=\"tcb-col\" style=\"\"><div class=\"thrv_wrapper thrv_contentbox_shortcode thrv-content-box tve-elem-default-pad\" style=\"\" data-css=\"tve-u-1747d5eda19\">\n<div class=\"tve-content-box-background\" data-css=\"tve-u-1747d5eda16\" data-tcb_hover_state_parent=\"1\" style=\"\"><\/div>\n<div class=\"tve-cb\"><div class=\"thrv_wrapper thrv_text_element\" style=\"\" data-css=\"tve-u-1747d5eda10\"><h4 class=\"\" data-css=\"tve-u-1747d5eda0f\">In iOS 11 oder h\u00f6her, finde Quild in Files App<\/h4><\/div><div class=\"thrv_wrapper thrv_text_element\" style=\"\" data-css=\"tve-u-1747d695050\"><p>Du solltest die Quild-Datei so sehen<\/p><\/div><div class=\"thrv_wrapper tve_image_caption\" data-css=\"tve-u-1747d6168d3\" style=\"\"><span class=\"tve_image_frame\"><img class=\"tve_image wp-image-1243\" alt=\"IPhone Step 5\" data-id=\"1243\" data-init-width=\"205\" data-init-height=\"435\" title=\"IPhone Step 5\" loading=\"lazy\" src=\"https:\/\/quild.net\/de\/wp-content\/uploads\/2020\/09\/iphone5.jpg\" data-width=\"203\" data-height=\"431\" width=\"203\" height=\"431\"><\/span><\/div><\/div>\n<\/div><\/div><\/div><div class=\"tcb-flex-col\" data-css=\"tve-u-1747d65259b\" style=\"\"><div class=\"tcb-col\"><div class=\"thrv_wrapper thrv_contentbox_shortcode thrv-content-box tve-elem-default-pad\" style=\"\" data-css=\"tve-u-1747d5eda19\">\n<div class=\"tve-content-box-background\" data-css=\"tve-u-1747d5eda16\" data-tcb_hover_state_parent=\"1\" style=\"\"><\/div>\n<div class=\"tve-cb\"><div class=\"thrv_wrapper thrv_text_element\" style=\"\" data-css=\"tve-u-1747d5eda10\"><h4 class=\"\" data-css=\"tve-u-1747d5eda0f\">Wenn Du die <span data-css=\"tve-u-174b04a692b\">File Hub App nutzt<\/span><\/h4><\/div><div class=\"thrv_wrapper thrv_text_element\" style=\"\" data-css=\"tve-u-1747d695050\"><p>Suche nach \"quild\" oder pr\u00fcfe den Download-Ordner<\/p><\/div><div class=\"thrv_wrapper tve_image_caption\" data-css=\"tve-u-1747d6168d3\" style=\"\"><span class=\"tve_image_frame\"><img class=\"tve_image wp-image-1387\" alt=\"File Hub App (iPhone)\" data-id=\"1387\" data-init-width=\"320\" data-init-height=\"684\" title=\"File Hub App (iPhone)\" loading=\"lazy\" src=\"https:\/\/quild.net\/de\/wp-content\/uploads\/2020\/09\/FileHubRed.jpg\" data-width=\"204\" data-height=\"436\" width=\"204\" height=\"436\"><\/span><\/div><\/div>\n<\/div><\/div><\/div><\/div><\/div><\/div>\n<\/div>","tve_custom_css":"@media (min-width: 300px){:not(#tve) [data-css=\"tve-u-1747d5eda08\"] { text-transform: uppercase !important; color: rgb(16, 231, 220) !important; --tcb-applied-color:var$(--tcb-skin-color-0)  !important; font-size: 16px !important; }[data-css=\"tve-u-1747d5eda09\"] { max-width: 80%; float: none; margin-left: auto !important; margin-right: auto !important; margin-bottom: 60px !important; }[data-css=\"tve-u-1747d5eda0b\"] { margin-top: 0px !important; }[data-css=\"tve-u-1747d5eda0c\"] { padding-top: 0px !important; padding-bottom: 0px !important; }:not(#tve) [data-css=\"tve-u-1747d5eda0f\"] { padding-bottom: 0px !important; margin-bottom: 0px !important; }[data-css=\"tve-u-1747d5eda10\"] { margin-bottom: 20px !important; }[data-css=\"tve-u-1747d5eda16\"] { border-radius: 5px; overflow: hidden; }[data-css=\"tve-u-1747d5eda17\"] { padding: 0px 40px 40px !important; }[data-css=\"tve-u-1747d5eda19\"] { margin: 0px 30px !important; padding: 30px !important; }:not(#tve) [data-css=\"tve-u-1747d5eda19\"]:hover [data-css=\"tve-u-1747d5eda16\"] { background-color: rgb(213, 246, 242) !important; }[data-css=\"tve-u-1747d5eda1a\"] { margin: 0px 30px !important; padding: 30px !important; }:not(#tve) [data-css=\"tve-u-1747d5eda1a\"]:hover [data-css=\"tve-u-1747d5eda16\"] { background-color: rgb(213, 246, 242) !important; }[data-css=\"tve-u-1747d5eda1c\"] { top: 0px; margin: 0px 30px !important; padding: 30px !important; }:not(#tve) [data-css=\"tve-u-1747d5eda1c\"]:hover [data-css=\"tve-u-1747d5eda16\"] { background-color: rgb(213, 246, 242) !important; }[data-css=\"tve-u-1747d5eda1d\"] { max-width: 1360px; text-align: left; }[data-css=\"tve-u-1747d5eda1d\"] h1 { padding: 0px !important; margin: 0px !important; }[data-css=\"tve-u-1747d5eda1d\"] p { padding: 0px !important; margin: 0px !important; }[data-css=\"tve-u-1747d5eda1d\"] h2 { padding: 0px !important; margin: 0px !important; }[data-css=\"tve-u-1747d5eda1d\"] h3 { padding: 0px !important; margin: 0px !important; }[data-css=\"tve-u-1747d6168d3\"] { width: 204px; float: none; margin-left: auto !important; margin-right: auto !important; }[data-css=\"tve-u-1747d695050\"] { margin-top: -15px !important; }[data-css=\"tve-u-1747d6968df\"] { margin-top: -15px !important; }[data-css=\"tve-u-1747d6977f5\"] { margin-top: -15px !important; }[data-css=\"tve-u-1747d698b38\"] { margin-top: -15px !important; }[data-css=\"tve-u-174b017dfd0\"] { color: var(--tcb-skin-color-5) !important; }:not(#tve) [data-css=\"tve-u-174b023290e\"] { color: var(--tcb-color-3)  !important; --tcb-applied-color:var$(--tcb-color-3)  !important; --tve-applied-color:var$(--tcb-color-3)  !important; }[data-css=\"tve-u-174b032fa69\"] { max-width: 1360px; text-align: left; }[data-css=\"tve-u-174b032fa69\"] h1 { padding: 0px !important; margin: 0px !important; }[data-css=\"tve-u-174b032fa69\"] p { padding: 0px !important; margin: 0px !important; }[data-css=\"tve-u-174b032fa69\"] h2 { padding: 0px !important; margin: 0px !important; }[data-css=\"tve-u-174b032fa69\"] h3 { padding: 0px !important; margin: 0px !important; }[data-css=\"tve-u-174b03322bc\"] { padding: 0px 40px 40px !important; margin-top: 40px !important; }[data-css=\"tve-u-174b041b85b\"] { color: var(--tcb-color-3)  !important; }[data-css=\"tve-u-174b04a6db3\"] { max-width: 1360px; text-align: left; }[data-css=\"tve-u-174b04a6db3\"] h1 { padding: 0px !important; margin: 0px !important; }[data-css=\"tve-u-174b04a6db3\"] p { padding: 0px !important; margin: 0px !important; }[data-css=\"tve-u-174b04a6db3\"] h2 { padding: 0px !important; margin: 0px !important; }[data-css=\"tve-u-174b04a6db3\"] h3 { padding: 0px !important; margin: 0px !important; }[data-css=\"tve-u-174e91d940b\"] { color: var(--tcb-color-3) !important; }}@media (max-width: 1023px){[data-css=\"tve-u-1747d5eda09\"] { max-width: 80%; }[data-css=\"tve-u-1747d5eda17\"] { padding-top: 40px !important; padding-bottom: 40px !important; }[data-css=\"tve-u-1747d5eda19\"] { padding: 20px !important; margin-right: 20px !important; margin-left: 20px !important; }[data-css=\"tve-u-1747d5eda1a\"] { padding: 20px !important; margin-right: 20px !important; margin-left: 20px !important; }[data-css=\"tve-u-1747d5eda1c\"] { padding: 20px !important; margin-top: 0px !important; margin-right: 20px !important; margin-left: 20px !important; }[data-css=\"tve-u-174b03322bc\"] { padding-top: 40px !important; padding-bottom: 40px !important; }[data-css=\"tve-u-174b04a692b\"] { color: var(--tcb-color-3)  !important; }}@media (max-width: 767px){[data-css=\"tve-u-1747d5eda17\"] { padding: 20px !important; }[data-css=\"tve-u-1747d5eda19\"] { margin-left: 0px !important; margin-right: 0px !important; }[data-css=\"tve-u-1747d5eda1a\"] { margin-left: 0px !important; margin-right: 0px !important; margin-top: 20px !important; }[data-css=\"tve-u-1747d5eda1c\"] { margin-left: 0px !important; margin-right: 0px !important; margin-top: 20px !important; }[data-css=\"tve-u-174b03322bc\"] { padding: 20px !important; }}","tve_user_custom_css":"","tve_globals":{"e":"1","font_cls":[]},"tcb2_ready":1,"tcb_editor_enabled":1,"tve_landing_page":"","_tve_header":"0","_tve_footer":"0"},"class_list":["post-1218","page","type-page","status-publish","hentry","post-wrapper","thrv_wrapper"],"acf":[],"_links":{"self":[{"href":"https:\/\/quild.net\/de\/wp-json\/wp\/v2\/pages\/1218","targetHints":{"allow":["GET"]}}],"collection":[{"href":"https:\/\/quild.net\/de\/wp-json\/wp\/v2\/pages"}],"about":[{"href":"https:\/\/quild.net\/de\/wp-json\/wp\/v2\/types\/page"}],"author":[{"embeddable":true,"href":"https:\/\/quild.net\/de\/wp-json\/wp\/v2\/users\/2"}],"replies":[{"embeddable":true,"href":"https:\/\/quild.net\/de\/wp-json\/wp\/v2\/comments?post=1218"}],"version-history":[{"count":0,"href":"https:\/\/quild.net\/de\/wp-json\/wp\/v2\/pages\/1218\/revisions"}],"wp:attachment":[{"href":"https:\/\/quild.net\/de\/wp-json\/wp\/v2\/media?parent=1218"}],"curies":[{"name":"wp","href":"https:\/\/api.w.org\/{rel}","templated":true}]}}