{"id":102,"date":"2020-03-14T10:05:54","date_gmt":"2020-03-14T10:05:54","guid":{"rendered":"https:\/\/elektro.trentsetter.com\/?page_id=102"},"modified":"2026-04-15T12:12:49","modified_gmt":"2026-04-15T10:12:49","slug":"impressum","status":"publish","type":"page","link":"https:\/\/quild.net\/de\/impressum\/","title":{"rendered":"Impressum"},"content":{"rendered":"<h3>Informationen gem\u00e4\u00df \u00a7 5 TMG<\/h3>\n<p>QUILD.net<br \/>c\/o Peter Baumann GmbH<br \/>Wiesenweg 3<br \/>CH-8854 Galgenen<br \/>Switzerland<\/p>\n<h3>Kontakt<\/h3>\n<p>\u200bPhone\/Whatsup: +254 723 888 797<br \/>E-mail: info@quild.net<\/p>\n<h3>MEHRWERTSTEUER-ID<\/h3>\n<p>Umsatzsteuer-Identifikationsnummer gem\u00e4\u00df \u00a7 27 a Umsatzsteuergesetz:<br \/>CH-170.4.002.855-7<\/p>\n<h3>Verantwortlich f\u00fcr den Inhalt gem\u00e4\u00df \u00a7 55(2) RStV<\/h3>\n<p>Andreas Koller<br \/>Sports Club Road<br \/>30100 Eldoret<\/p>\n<h3>EU-Streitschlichtung<\/h3>\n<p>Die Europ\u00e4ische Kommission stellt eine Plattform zur Online-Streitbeilegung (OS) bereit: <a href=\"https:\/\/ec.europa.eu\/consumers\/odr\" rel=\"noopener\" target=\"_blank\" style=\"outline: none;\">https:\/\/ec.europa.eu\/consumers\/odr<\/a>.<\/p>\n<p>Unsere E-Mail-Adresse finden Sie oben im Impressum.<\/p>\n<p>Wir sind nicht bereit oder verpflichtet, an Streitbeilegungs-verfahren vor einer Verbraucherschlichtungsstelle teilzunehmen.<\/p>\n<h3>Haftung f\u00fcr Inhalte<\/h3>\n<p>Als Diensteanbieter sind wir gem\u00e4\u00df \u00a7 7 Abs.1 TMG f\u00fcr eigene Inhalte auf diesen Seiten nach den allgemeinen Gesetzen verantwortlich. Nach \u00a7\u00a7 8 bis 10 TMG sind wir als Diensteanbieter jedoch nicht verpflichtet, \u00fcbermittelte oder gespeicherte fremde Informationen zu \u00fcberwachen oder nach Umst\u00e4nden zu forschen, die auf eine rechtswidrige T\u00e4tigkeit hinweisen.<\/p>\n<p>Verpflichtungen zur Entfernung oder Sperrung der Nutzung von Informationen nach den allgemeinen Gesetzen bleiben hiervon unber\u00fchrt. Eine diesbez\u00fcgliche Haftung ist jedoch erst ab dem Zeitpunkt der Kenntnis einer konkreten Rechtsverletzung m\u00f6glich. Bei Bekanntwerden von entsprechenden Rechtsverletzungen werden wir diese Inhalte umgehend entfernen.<\/p>\n<h3>Haftung f\u00fcr Links<\/h3>\n<p>Unser Angebot enth\u00e4lt Links zu externen Websites Dritter, auf deren Inhalte wir keinen Einfluss haben. Deshalb k\u00f6nnen wir f\u00fcr diese fremden Inhalte auch keine Gew\u00e4hr \u00fcbernehmen. F\u00fcr die Inhalte der verlinkten Seiten ist stets der jeweilige Anbieter oder Betreiber der Seiten verantwortlich. Die verlinkten Seiten wurden zum Zeitpunkt der Verlinkung auf m\u00f6gliche Rechtsverst\u00f6\u00dfe \u00fcberpr\u00fcft. Rechtswidrige Inhalte waren zum Zeitpunkt der Verlinkung nicht erkennbar.<\/p>\n<p>Eine permanente inhaltliche Kontrolle der verlinkten Seiten ist jedoch ohne konkrete Anhaltspunkte einer Rechtsverletzung nicht zumutbar.<\/p>\n<p>Bei Bekanntwerden von Rechtsverletzungen werden wir derartige Links umgehend entfernen.<\/p>\n<h3>Urheberrecht<\/h3>\n<p>Die durch die Seitenbetreiber erstellten Inhalte und Werke auf diesen Seiten unterliegen dem deutschen Urheberrecht. Die Vervielf\u00e4ltigung, Bearbeitung, Verbreitung und jede Art der Verwertung au\u00dferhalb der Grenzen des Urheberrechtes bed\u00fcrfen der schriftlichen Zustimmung des jeweiligen Autors bzw. Erstellers. Downloads und Kopien dieser Seite sind nur f\u00fcr den privaten, nicht kommerziellen Gebrauch gestattet.<\/p>\n<p>Soweit die Inhalte auf dieser Seite nicht vom Betreiber erstellt wurden, werden die Urheberrechte Dritter beachtet. Insbesondere werden Inhalte Dritter als solche gekennzeichnet. Sollten Sie trotzdem auf eine Urheberrechtsverletzung aufmerksam werden, bitten wir um einen entsprechenden Hinweis. Bei Bekanntwerden von Rechtsverletzungen werden wir derartige Inhalte umgehend entfernen.<\/p>\n","protected":false},"excerpt":{"rendered":"<p>Informationen gem\u00e4\u00df \u00a7 5 TMG QUILD.netc\/o Peter Baumann GmbHWiesenweg 3CH-8854 GalgenenSwitzerland Kontakt \u200bPhone\/Whatsup: +254 723 888 797E-mail: info@quild.net MEHRWERTSTEUER-ID Umsatzsteuer-Identifikationsnummer gem\u00e4\u00df \u00a7 27 a Umsatzsteuergesetz:CH-170.4.002.855-7 Verantwortlich f\u00fcr den Inhalt gem\u00e4\u00df \u00a7 55(2) RStV Andreas KollerSports Club Road30100 Eldoret EU-Streitschlichtung Die Europ\u00e4ische Kommission stellt eine Plattform zur Online-Streitbeilegung (OS) bereit: https:\/\/ec.europa.eu\/consumers\/odr. Unsere E-Mail-Adresse finden Sie oben [&hellip;]<\/p>\n","protected":false},"author":2,"featured_media":0,"parent":0,"menu_order":0,"comment_status":"closed","ping_status":"closed","template":"","meta":{"_acf_changed":false,"footnotes":"","tve_updated_post":"<div class=\"thrv_wrapper thrv-columns\" style=\"--tcb-col-el-width: 811;\"><div class=\"tcb-flex-row v-2 tcb--cols--2\"><div class=\"tcb-flex-col\"><div class=\"tcb-col\"><div class=\"thrv_wrapper thrv_text_element\"><h3 class=\"\">Informationen gem\u00e4\u00df \u00a7 5 TMG<\/h3><p data-css=\"tve-u-17352118daa\">QUILD.net<br>c\/o Peter Baumann GmbH<br>Wiesenweg 3<br>CH-8854 Galgenen<br>Switzerland<\/p><h3 class=\"\">Kontakt<\/h3><p>Phone\/Whatsup: +254 723 888 797<br>E-mail: info@quild.net<\/p><h3 class=\"\">MEHRWERTSTEUER-ID<\/h3><p>Umsatzsteuer-Identifikationsnummer gem\u00e4\u00df \u00a7 27 a Umsatzsteuergesetz:<br>CH-170.4.002.855-7<\/p><h3 class=\"\">Verantwortlich f\u00fcr den Inhalt gem\u00e4\u00df \u00a7 55(2) RStV<\/h3><p>Andreas Koller<br>Sports Club Road<br>30100 Eldoret<\/p><h3 class=\"\">EU-Streitschlichtung<\/h3><p>Die Europ\u00e4ische Kommission stellt eine Plattform zur Online-Streitbeilegung (OS) bereit: <a href=\"https:\/\/ec.europa.eu\/consumers\/odr\" rel=\"noopener\" target=\"_blank\" class=\"\" style=\"outline: none;\">https:\/\/ec.europa.eu\/consumers\/odr<\/a>.<\/p><p>Unsere E-Mail-Adresse finden Sie oben im Impressum.<\/p><p>Wir sind nicht bereit oder verpflichtet, an Streitbeilegungs-verfahren vor einer Verbraucherschlichtungsstelle teilzunehmen.<\/p><\/div><\/div><\/div><div class=\"tcb-flex-col\"><div class=\"tcb-col\"><div class=\"thrv_wrapper thrv_text_element\">\t<h3 class=\"\">Haftung f\u00fcr Inhalte<\/h3><p>Als Diensteanbieter sind wir gem\u00e4\u00df \u00a7 7 Abs.1 TMG f\u00fcr eigene Inhalte auf diesen Seiten nach den allgemeinen Gesetzen verantwortlich. Nach \u00a7\u00a7 8 bis 10 TMG sind wir als Diensteanbieter jedoch nicht verpflichtet, \u00fcbermittelte oder gespeicherte fremde Informationen zu \u00fcberwachen oder nach Umst\u00e4nden zu forschen, die auf eine rechtswidrige T\u00e4tigkeit hinweisen.<\/p><p>Verpflichtungen zur Entfernung oder Sperrung der Nutzung von Informationen nach den allgemeinen Gesetzen bleiben hiervon unber\u00fchrt. Eine diesbez\u00fcgliche Haftung ist jedoch erst ab dem Zeitpunkt der Kenntnis einer konkreten Rechtsverletzung m\u00f6glich. Bei Bekanntwerden von entsprechenden Rechtsverletzungen werden wir diese Inhalte umgehend entfernen.<\/p><h3 class=\"\">Haftung f\u00fcr Links<\/h3><p>Unser Angebot enth\u00e4lt Links zu externen Websites Dritter, auf deren Inhalte wir keinen Einfluss haben. Deshalb k\u00f6nnen wir f\u00fcr diese fremden Inhalte auch keine Gew\u00e4hr \u00fcbernehmen. F\u00fcr die Inhalte der verlinkten Seiten ist stets der jeweilige Anbieter oder Betreiber der Seiten verantwortlich. Die verlinkten Seiten wurden zum Zeitpunkt der Verlinkung auf m\u00f6gliche Rechtsverst\u00f6\u00dfe \u00fcberpr\u00fcft. Rechtswidrige Inhalte waren zum Zeitpunkt der Verlinkung nicht erkennbar.<\/p><p>Eine permanente inhaltliche Kontrolle der verlinkten Seiten ist jedoch ohne konkrete Anhaltspunkte einer Rechtsverletzung nicht zumutbar.<\/p><p>Bei Bekanntwerden von Rechtsverletzungen werden wir derartige Links umgehend entfernen.<\/p><h3 class=\"\">Urheberrecht<\/h3><p>Die durch die Seitenbetreiber erstellten Inhalte und Werke auf diesen Seiten unterliegen dem deutschen Urheberrecht. Die Vervielf\u00e4ltigung, Bearbeitung, Verbreitung und jede Art der Verwertung au\u00dferhalb der Grenzen des Urheberrechtes bed\u00fcrfen der schriftlichen Zustimmung des jeweiligen Autors bzw. Erstellers. Downloads und Kopien dieser Seite sind nur f\u00fcr den privaten, nicht kommerziellen Gebrauch gestattet.<\/p><p>Soweit die Inhalte auf dieser Seite nicht vom Betreiber erstellt wurden, werden die Urheberrechte Dritter beachtet. Insbesondere werden Inhalte Dritter als solche gekennzeichnet. Sollten Sie trotzdem auf eine Urheberrechtsverletzung aufmerksam werden, bitten wir um einen entsprechenden Hinweis. Bei Bekanntwerden von Rechtsverletzungen werden wir derartige Inhalte umgehend entfernen.<\/p><\/div><\/div><\/div><\/div><\/div>","tve_custom_css":"","tve_user_custom_css":"","tve_globals":{"e":"1","font_cls":[]},"tcb2_ready":1,"tcb_editor_enabled":1,"tve_landing_page":"","_tve_header":"0","_tve_footer":"0"},"class_list":["post-102","page","type-page","status-publish","hentry","post-wrapper","thrv_wrapper"],"acf":[],"_links":{"self":[{"href":"https:\/\/quild.net\/de\/wp-json\/wp\/v2\/pages\/102","targetHints":{"allow":["GET"]}}],"collection":[{"href":"https:\/\/quild.net\/de\/wp-json\/wp\/v2\/pages"}],"about":[{"href":"https:\/\/quild.net\/de\/wp-json\/wp\/v2\/types\/page"}],"author":[{"embeddable":true,"href":"https:\/\/quild.net\/de\/wp-json\/wp\/v2\/users\/2"}],"replies":[{"embeddable":true,"href":"https:\/\/quild.net\/de\/wp-json\/wp\/v2\/comments?post=102"}],"version-history":[{"count":0,"href":"https:\/\/quild.net\/de\/wp-json\/wp\/v2\/pages\/102\/revisions"}],"wp:attachment":[{"href":"https:\/\/quild.net\/de\/wp-json\/wp\/v2\/media?parent=102"}],"curies":[{"name":"wp","href":"https:\/\/api.w.org\/{rel}","templated":true}]}}